{"id":3540,"date":"2017-06-06T17:21:40","date_gmt":"2017-06-06T17:21:40","guid":{"rendered":"http:\/\/mercadostorrepacheco.es\/boceto\/?page_id=3540"},"modified":"2017-06-06T18:40:32","modified_gmt":"2017-06-06T18:40:32","slug":"dolores-de-pacheco","status":"publish","type":"page","link":"https:\/\/mercadostorrepacheco.es\/index.php\/dolores-de-pacheco\/","title":{"rendered":"Dolores de pacheco"},"content":{"rendered":"<\/div><\/div><\/div><!-- close content main div --><\/div><\/div><div id='av_section_1' class='avia-section main_color avia-section-large avia-no-border-styling avia-bg-style-scroll  container_wrap sidebar_right'   ><div class='container' ><div class='template-page content  av-content-small alpha units'><div class='post-entry post-entry-type-page post-entry-3540'><div class='entry-content-wrapper clearfix'>\n<div style='padding-bottom:20px;font-size:40px;' class='av-special-heading av-special-heading-h2  blockquote modern-quote   av-inherit-size'><h2 class='av-special-heading-tag'  itemprop=\"headline\"  >Dolores de Pacheco<\/h2><div class='special-heading-border'><div class='special-heading-inner-border' ><\/div><\/div><\/div>\n<div class=\"flex_column av_two_third  flex_column_div av-zero-column-padding first  \" style='border-radius:0px; '><div  data-size='featured_large'  data-lightbox_size='large'  data-animation='slide'  data-ids='3609,3610,3611,3612,3613,3614'  data-video_counter='0'  data-autoplay='true'  data-bg_slider='false'  data-slide_height=''  data-handle='av_slideshow'  data-interval='5'  data-class=''  data-css_id=''  data-scroll_down=''  data-control_layout='av-control-default'  data-custom_markup=''  data-perma_caption=''  data-autoplay_stopper=''  data-image_attachment=''  data-min_height='0px'  data-default-height='42'  class='avia-slideshow avia-slideshow-1  av-control-default av-default-height-applied avia-slideshow-featured_large av_slideshow  avia-slide-slider '  itemscope=\"itemscope\" itemtype=\"https:\/\/schema.org\/ImageObject\" ><ul class='avia-slideshow-inner' style='padding-bottom: 70%;'><li  class=' slide-1 ' ><div data-rel='slideshow-1' class='avia-slide-wrap'  ><img src='https:\/\/mercadostorrepacheco.es\/wp-content\/uploads\/dolores1-900x630.jpg' width='900' height='630' title='dolores1' alt=''  itemprop=\"thumbnailUrl\"   \/><\/div><\/li><li  class=' slide-2 ' ><div data-rel='slideshow-1' class='avia-slide-wrap'  ><img src='https:\/\/mercadostorrepacheco.es\/wp-content\/uploads\/dolores2-900x630.jpg' width='900' height='630' title='dolores2' alt=''  itemprop=\"thumbnailUrl\"   \/><\/div><\/li><li  class=' slide-3 ' ><div data-rel='slideshow-1' class='avia-slide-wrap'  ><img src='https:\/\/mercadostorrepacheco.es\/wp-content\/uploads\/dolores3-900x630.jpg' width='900' height='630' title='dolores3' alt=''  itemprop=\"thumbnailUrl\"   \/><\/div><\/li><li  class=' slide-4 ' ><div data-rel='slideshow-1' class='avia-slide-wrap'  ><img src='https:\/\/mercadostorrepacheco.es\/wp-content\/uploads\/dolores4-900x630.jpg' width='900' height='630' title='dolores4' alt=''  itemprop=\"thumbnailUrl\"   \/><\/div><\/li><li  class=' slide-5 ' ><div data-rel='slideshow-1' class='avia-slide-wrap'  ><img src='https:\/\/mercadostorrepacheco.es\/wp-content\/uploads\/dolores5-900x630.jpg' width='900' height='630' title='dolores5' alt=''  itemprop=\"thumbnailUrl\"   \/><\/div><\/li><li  class=' slide-6 ' ><div data-rel='slideshow-1' class='avia-slide-wrap'  ><img src='https:\/\/mercadostorrepacheco.es\/wp-content\/uploads\/dolores6-900x630.jpg' width='900' height='630' title='dolores6' alt=''  itemprop=\"thumbnailUrl\"   \/><\/div><\/li><\/ul><div class='avia-slideshow-arrows avia-slideshow-controls'><a href='#prev' class='prev-slide' aria-hidden='true' data-av_icon='\ue87c' data-av_iconfont='entypo-fontello'>Anterior<\/a><a href='#next' class='next-slide' aria-hidden='true' data-av_icon='\ue87d' data-av_iconfont='entypo-fontello'>Posterior<\/a><\/div><div class='avia-slideshow-dots avia-slideshow-controls'><a href='#1' class='goto-slide active' >1<\/a><a href='#2' class='goto-slide ' >2<\/a><a href='#3' class='goto-slide ' >3<\/a><a href='#4' class='goto-slide ' >4<\/a><a href='#5' class='goto-slide ' >5<\/a><a href='#6' class='goto-slide ' >6<\/a><\/div><\/div><\/div><div class=\"flex_column av_one_third  flex_column_div av-zero-column-padding   \" style='border-radius:0px; '><section class=\"av_textblock_section\"  itemscope=\"itemscope\" itemtype=\"https:\/\/schema.org\/CreativeWork\" ><div class='avia_textblock '   itemprop=\"text\" ><table border=\"0\" width=\"100%\" cellspacing=\"0\" cellpadding=\"0\">\n<tbody>\n<tr>\n<td align=\"left\" width=\"43%\"><span class=\"Estilo21\">N.\u00ba de puestos:<\/span><\/td>\n<td align=\"left\" width=\"57%\"><span class=\"Estilo20\">20<\/span><\/td>\n<\/tr>\n<tr>\n<td align=\"left\"><span class=\"Estilo21\">Tipo de mercado:<\/span><\/td>\n<td align=\"left\"><span class=\"Estilo20\">Variado<\/span><\/td>\n<\/tr>\n<tr>\n<td align=\"left\" height=\"19\"><span class=\"Estilo21\">D\u00eda de la semana:<\/span><\/td>\n<td align=\"left\"><span class=\"Estilo20\">Martes<\/span><\/td>\n<\/tr>\n<tr>\n<td align=\"left\" height=\"19\"><span class=\"Estilo21\">Hora de inicio:<\/span><\/td>\n<td align=\"left\"><span class=\"Estilo20\">15.00 h.<\/span><\/td>\n<\/tr>\n<tr>\n<td align=\"left\" height=\"19\"><span class=\"Estilo21\">N.\u00ba de finalizaci\u00f3n:<\/span><\/td>\n<td align=\"left\"><span class=\"Estilo20\">21.00 h.<\/span><\/td>\n<\/tr>\n<tr>\n<td align=\"left\" height=\"19\"><span class=\"Estilo21\">Ubicaci\u00f3n:<\/span><\/td>\n<td align=\"left\"><\/td>\n<\/tr>\n<tr>\n<td colspan=\"2\" align=\"left\" height=\"10\">Plaza Nicol\u00e1s de las Pe\u00f1as<\/td>\n<\/tr>\n<\/tbody>\n<\/table>\n<\/div><\/section><\/div><div class=\"flex_column av_one_half  flex_column_div av-zero-column-padding first  \" style='border-radius:0px; '><p><div style='padding-bottom:0px;font-size:40px;' class='av-special-heading av-special-heading-h2  blockquote modern-quote   av-inherit-size'><h2 class='av-special-heading-tag'  itemprop=\"headline\"  >Plano de situaci\u00f3n<\/h2><div class='special-heading-border'><div class='special-heading-inner-border' ><\/div><\/div><\/div><br \/>\n<div id='av_gmap_1' class='avia-google-map-container' data-mapid='1' style='height: 400px;'><\/div><\/p><\/div><div class=\"flex_column av_one_half  flex_column_div av-zero-column-padding   \" style='border-radius:0px; '><p><div style='padding-bottom:0px;font-size:40px;' class='av-special-heading av-special-heading-h2  blockquote modern-quote   av-inherit-size'><h2 class='av-special-heading-tag'  itemprop=\"headline\"  >Comentarios<\/h2><div class='special-heading-border'><div class='special-heading-inner-border' ><\/div><\/div><\/div><br \/>\n<section class=\"av_textblock_section\"  itemscope=\"itemscope\" itemtype=\"https:\/\/schema.org\/CreativeWork\" ><div class='avia_textblock '   itemprop=\"text\" ><p>El Mercado semanal se realiza los martes por la tarde y se encuentra ubicado en la Plaza Nicol\u00e1s de las Pe\u00f1as. Se distribuyen en m\u00f3dulos de 6, 9 y 12 metros, respetando las entradas comerciales que se encuentran en la zona.<\/p>\n<div>Actualmente asisten al mercado semanal 20 mercaderes.<\/div>\n<div><\/div>\n<div>Mercado semanal con varias d\u00e9cadas de historia.<\/div>\n<div>Entre la oferta que tienen los mercaderes se encuentran los siguientes productos: frutas y hortalizas, productos c\u00e1rnicos, pollos asados, churrer\u00eda, salazones, frutos secos, productos de panader\u00eda y pasteler\u00eda, puestos de tejidos (prendas textiles y tejidos), menaje y hogar, productos cosm\u00e9ticos y para el ba\u00f1o, plantas y flores, art\u00edculos de regalo (relojes, gafas, juguetes), as\u00ed como bisuter\u00eda y calzado.<\/div>\n<div>El mercado se celebra todos los martes del a\u00f1o (excepto festivos) y su duraci\u00f3n es desde las 15 horas hasta las 21 horas.<\/div>\n<div><\/div>\n<div>El mercado se distribuye en toda la Plaza Nicol\u00e1s de las Pe\u00f1as y contin\u00faa por la Avda. de Murcia. Existe salida desde cualquier punto del mercado al exterior con una ubicaci\u00f3n que permite una r\u00e1pida intervenci\u00f3n de las asistencias sanitarias, bomberos y polic\u00eda en caso de requerirse su presencia. El mercado es visitado por unas 100 personas cada vez que se celebra y su radio de acci\u00f3n alcanza principalmente a los habitantes de Roda, El Mirador, \u00a0y por supuesto Dolores de Pacheco.<\/div>\n<\/div><\/section><\/p><\/div><\/div><\/div><\/div><!-- close content main div --><\/div><\/div><div id='after_section_1' class='main_color av_default_container_wrap container_wrap sidebar_right'   ><div class='container' ><div class='template-page content  av-content-small alpha units'><div class='post-entry post-entry-type-page post-entry-3540'><div class='entry-content-wrapper clearfix'><\/div><\/div><\/div><!-- close content main div --><\/div><\/div><div id='av-layout-grid-1' class='av-layout-grid-container entry-content-wrapper main_color av-flex-cells av-border-top-bottom container_wrap sidebar_right'   >\n<div class=\"flex_cell no_margin av_one_third   \" style='vertical-align:middle; padding:50px; '><div class='flex_cell_inner' ><div  class=\"avia-animated-number av-force-default-color avia-color-  avia_animate_when_visible\" ><strong class=\"heading avia-animated-number-title\" ><span class=\"avia-single-number __av-single-number\" data-number=\"500\">500<\/span><span class=\"avia-no-number\"> visitas<\/span><\/strong><div class='avia-animated-number-content' ><p>M\u00e1s de 500 visitas semanales<\/p>\n<\/div><\/div>\n<\/div><\/div><div class=\"flex_cell no_margin av_one_third   \" style='vertical-align:middle; padding:50px; background-color:#fbfbfb; '><div class='flex_cell_inner' ><div  class=\"avia-animated-number av-force-default-color avia-color-  avia_animate_when_visible\" ><strong class=\"heading avia-animated-number-title\" ><span class=\"avia-single-number __av-single-number\" data-number=\"20\">20<\/span><span class=\"avia-no-number\"> puestos<\/span><\/strong><div class='avia-animated-number-content' ><p>Zapater\u00eda, textil, hogar, alimentaci\u00f3n<\/p>\n<\/div><\/div>\n<\/div><\/div><div class=\"flex_cell no_margin av_one_third   \" style='vertical-align:middle; padding:50px; background-color:#f8f8f8; '><div class='flex_cell_inner' ><div  class=\"avia-animated-number av-force-default-color avia-color-  avia_animate_when_visible\" ><strong class=\"heading avia-animated-number-title\" ><span class=\"avia-single-number __av-single-number\" data-number=\"15\">15<\/span><span class=\"avia-no-number\">,<\/span><span class=\"avia-single-number __av-single-number\" data-number=\"00\">00<\/span><span class=\"avia-no-number\"> \/ <\/span><span class=\"avia-single-number __av-single-number\" data-number=\"21\">21<\/span><span class=\"avia-no-number\">,<\/span><span class=\"avia-single-number __av-single-number\" data-number=\"00\">00<\/span><span class=\"avia-no-number\"> horas<\/span><\/strong><div class='avia-animated-number-content' ><p>Un amplio horario para tus compras<\/p>\n<\/div><\/div>\n<\/div><\/div>\n<\/div><\/p>\n","protected":false},"excerpt":{"rendered":"","protected":false},"author":1,"featured_media":0,"parent":0,"menu_order":0,"comment_status":"closed","ping_status":"closed","template":"","meta":{"_monsterinsights_skip_tracking":false,"_monsterinsights_sitenote_active":false,"_monsterinsights_sitenote_note":"","_monsterinsights_sitenote_category":0,"footnotes":""},"_links":{"self":[{"href":"https:\/\/mercadostorrepacheco.es\/index.php\/wp-json\/wp\/v2\/pages\/3540"}],"collection":[{"href":"https:\/\/mercadostorrepacheco.es\/index.php\/wp-json\/wp\/v2\/pages"}],"about":[{"href":"https:\/\/mercadostorrepacheco.es\/index.php\/wp-json\/wp\/v2\/types\/page"}],"author":[{"embeddable":true,"href":"https:\/\/mercadostorrepacheco.es\/index.php\/wp-json\/wp\/v2\/users\/1"}],"replies":[{"embeddable":true,"href":"https:\/\/mercadostorrepacheco.es\/index.php\/wp-json\/wp\/v2\/comments?post=3540"}],"version-history":[{"count":4,"href":"https:\/\/mercadostorrepacheco.es\/index.php\/wp-json\/wp\/v2\/pages\/3540\/revisions"}],"predecessor-version":[{"id":3616,"href":"https:\/\/mercadostorrepacheco.es\/index.php\/wp-json\/wp\/v2\/pages\/3540\/revisions\/3616"}],"wp:attachment":[{"href":"https:\/\/mercadostorrepacheco.es\/index.php\/wp-json\/wp\/v2\/media?parent=3540"}],"curies":[{"name":"wp","href":"https:\/\/api.w.org\/{rel}","templated":true}]}}