{"id":3452,"date":"2017-06-06T11:27:18","date_gmt":"2017-06-06T11:27:18","guid":{"rendered":"http:\/\/mercadostorrepacheco.es\/boceto\/?page_id=3452"},"modified":"2017-06-06T11:41:11","modified_gmt":"2017-06-06T11:41:11","slug":"noticias","status":"publish","type":"page","link":"https:\/\/mercadostorrepacheco.es\/index.php\/noticias\/","title":{"rendered":"Noticias"},"content":{"rendered":"<\/div><\/div><\/div><!-- close content main div --><\/div><\/div><div id='av_section_1' class='avia-section main_color avia-section-huge avia-no-shadow avia-full-stretch av-section-color-overlay-active avia-bg-style-scroll  container_wrap sidebar_right' style = 'background-repeat: no-repeat; background-image: url(https:\/\/mercadostorrepacheco.es\/wp-content\/uploads\/banner-news-alt.jpg); background-attachment: scroll; background-position: top center; ' data-section-bg-repeat='stretch' ><div class='av-section-color-overlay-wrap'><div class='av-section-color-overlay' style='opacity: 0.6; background-color: #000000; '><\/div><div class='container' ><div class='template-page content  av-content-small alpha units'><div class='post-entry post-entry-type-page post-entry-3452'><div class='entry-content-wrapper clearfix'>\n<div style='padding-bottom:0px;color:#ffffff;font-size:40px;' class='av-special-heading av-special-heading-h1 custom-color-heading blockquote modern-quote modern-centered   av-inherit-size'><h1 class='av-special-heading-tag'  itemprop=\"headline\"  >\u00daltimas Noticias<br \/>\n<\/h1><div class='special-heading-border'><div class='special-heading-inner-border' style='border-color:#ffffff'><\/div><\/div><\/div>\n<div style=' margin-top:30px; margin-bottom:30px;'  class='hr hr-custom hr-center hr-icon-no '><span class='hr-inner   inner-border-av-border-fat' style=' width:50px; border-color:#ffffff;' ><span class='hr-inner-style'><\/span><\/span><\/div>\n<section class=\"av_textblock_section\"  itemscope=\"itemscope\" itemtype=\"https:\/\/schema.org\/CreativeWork\" ><div class='avia_textblock  av_inherit_color'  style='color:#dddddd; '  itemprop=\"text\" ><h4 style=\"text-align: center;\">Toda la informaci\u00f3n actualizada sobre <em>mercados<\/em> y econom\u00eda.<\/h4>\n<h4 style=\"text-align: center;\"><em>\u00daltima<\/em> hora de las <em>noticias<\/em>, fotos y v\u00eddeos sobre la actualidad de los <em>mercados<\/em>.<\/h4>\n<\/div><\/section>\n<\/div><\/div><\/div><!-- close content main div --><\/div><\/div><\/div><div id='after_section_1' class='main_color av_default_container_wrap container_wrap sidebar_right'   ><div class='container' ><div class='template-page content  av-content-small alpha units'><div class='post-entry post-entry-type-page post-entry-3452'><div class='entry-content-wrapper clearfix'><div  data-autoplay=''  data-interval='5'  data-animation='fade'  data-show_slide_delay='90'  class='avia-content-slider avia-content-grid-active avia-content-slider1 avia-content-slider-odd '  itemscope=\"itemscope\" itemtype=\"https:\/\/schema.org\/Blog\" ><div class='avia-content-slider-inner'><div class='slide-entry-wrap'><article class='slide-entry flex_column  post-entry post-entry-4204 slide-entry-overview slide-loop-1 slide-parity-odd  av_one_third first real-thumbnail'  itemscope=\"itemscope\" itemtype=\"https:\/\/schema.org\/BlogPosting\" itemprop=\"blogPost\" ><a href='https:\/\/mercadostorrepacheco.es\/index.php\/2024\/03\/02\/feria-del-comercio-villa-de-torre-pacheco-2024\/' data-rel='slide-1' class='slide-image' title=''><img loading=\"lazy\" decoding=\"async\" width=\"495\" height=\"321\" src=\"https:\/\/mercadostorrepacheco.es\/wp-content\/uploads\/feria-2024-495x321.jpg\" class=\"attachment-portfolio size-portfolio wp-post-image\" alt=\"\" \/><\/a><div class='slide-content'><header class=\"entry-content-header\"><h3 class='slide-entry-title entry-title'  itemprop=\"headline\" ><a href='https:\/\/mercadostorrepacheco.es\/index.php\/2024\/03\/02\/feria-del-comercio-villa-de-torre-pacheco-2024\/' title='FERIA DEL COMERCIO VILLA DE TORRE PACHECO 2024'>FERIA DEL COMERCIO VILLA DE TORRE PACHECO 2024<\/a><\/h3><span class=\"blog-categories minor-meta\"><a href=\"https:\/\/mercadostorrepacheco.es\/index.php\/category\/news\/\" rel=\"tag\">Noticias<\/a> <\/span><span class=\"av-vertical-delimiter\"><\/span><\/header><div class='slide-entry-excerpt entry-content'  itemprop=\"text\" >Moda, animaci\u00f3n, restauraci\u00f3n, y actividades infantiles el s\u00e1bado 16 y domingo 17 de marzo.\nEl Ayuntamiento de Torre Pacheco, organiza este evento de dinamizaci\u00f3n del comercio local, a trav\u00e9s de la concejal\u00eda de Comercio, con la colaboraci\u00f3n\u2026<\/div><\/div><footer class=\"entry-footer\"><div class='slide-meta'><time class='slide-meta-time updated'  itemprop=\"datePublished\" datetime=\"2024-03-02T11:15:00+00:00\" >2 marzo, 2024<\/time><\/div><\/footer><span class='hidden'>\n\t\t\t<span class='av-structured-data'  itemscope=\"itemscope\" itemtype=\"https:\/\/schema.org\/ImageObject\"  itemprop='image'>\n\t\t\t\t\t   <span itemprop='url' >https:\/\/mercadostorrepacheco.es\/wp-content\/uploads\/feria-2024.jpg<\/span>\n\t\t\t\t\t   <span itemprop='height' >321<\/span>\n\t\t\t\t\t   <span itemprop='width' >724<\/span>\n\t\t\t\t  <\/span><span class='av-structured-data'  itemprop=\"publisher\" itemtype=\"https:\/\/schema.org\/Organization\" itemscope=\"itemscope\" >\n\t\t\t\t<span itemprop='name'>Felipe_2017<\/span>\n\t\t\t\t<span itemprop='logo' itemscope itemtype='http:\/\/schema.org\/ImageObject'>\n\t\t\t\t   <span itemprop='url'>http:\/\/mercadostorrepacheco.es\/wp-content\/uploads\/logo_mercados.png<\/span>\n\t\t\t\t <\/span>\n\t\t\t  <\/span><span class='av-structured-data'  itemprop=\"author\" itemscope=\"itemscope\" itemtype=\"https:\/\/schema.org\/Person\" ><span itemprop='name'>Felipe_2017<\/span><\/span><span class='av-structured-data'  itemprop=\"datePublished\" datetime=\"2019-03-05T18:34:38+00:00\" >2024-03-02 11:15:00<\/span><span class='av-structured-data'  itemprop=\"dateModified\" itemtype=\"https:\/\/schema.org\/dateModified\" >2024-08-27 11:21:18<\/span><span class='av-structured-data'  itemprop=\"mainEntityOfPage\" itemtype=\"https:\/\/schema.org\/mainEntityOfPage\" ><span itemprop='name'>FERIA DEL COMERCIO VILLA DE TORRE PACHECO 2024<\/span><\/span><\/span><\/article><article class='slide-entry flex_column  post-entry post-entry-4186 slide-entry-overview slide-loop-2 slide-parity-even  av_one_third  real-thumbnail'  itemscope=\"itemscope\" itemtype=\"https:\/\/schema.org\/BlogPosting\" itemprop=\"blogPost\" ><a href='https:\/\/mercadostorrepacheco.es\/index.php\/2023\/03\/01\/feria-del-comercio-en-torre-pacheco-2023\/' data-rel='slide-1' class='slide-image' title=''><img loading=\"lazy\" decoding=\"async\" width=\"495\" height=\"400\" src=\"https:\/\/mercadostorrepacheco.es\/wp-content\/uploads\/ceca011e-123b-43c1-99d7-3798375bb657-495x400.jpg\" class=\"attachment-portfolio size-portfolio wp-post-image\" alt=\"\" \/><\/a><div class='slide-content'><header class=\"entry-content-header\"><h3 class='slide-entry-title entry-title'  itemprop=\"headline\" ><a href='https:\/\/mercadostorrepacheco.es\/index.php\/2023\/03\/01\/feria-del-comercio-en-torre-pacheco-2023\/' title='Feria del Comercio en Torre Pacheco 2023'>Feria del Comercio en Torre Pacheco 2023<\/a><\/h3><span class=\"blog-categories minor-meta\"><a href=\"https:\/\/mercadostorrepacheco.es\/index.php\/category\/news\/\" rel=\"tag\">Noticias<\/a> <\/span><span class=\"av-vertical-delimiter\"><\/span><\/header><div class='slide-entry-excerpt entry-content'  itemprop=\"text\" >Moda, animaci\u00f3n, restauraci\u00f3n, y actividades infantiles\u00a0el s\u00e1bado 11\u00a0y\u00a0domingo 12 de marzo.\n\nEl Ayuntamiento de Torre Pacheco, organiza este evento de dinamizaci\u00f3n del comercio local, a trav\u00e9s de la concejal\u00eda de Comercio, con la colaboraci\u00f3n\u2026<\/div><\/div><footer class=\"entry-footer\"><div class='slide-meta'><time class='slide-meta-time updated'  itemprop=\"datePublished\" datetime=\"2023-03-01T10:57:00+00:00\" >1 marzo, 2023<\/time><\/div><\/footer><span class='hidden'>\n\t\t\t<span class='av-structured-data'  itemscope=\"itemscope\" itemtype=\"https:\/\/schema.org\/ImageObject\"  itemprop='image'>\n\t\t\t\t\t   <span itemprop='url' >https:\/\/mercadostorrepacheco.es\/wp-content\/uploads\/ceca011e-123b-43c1-99d7-3798375bb657.jpg<\/span>\n\t\t\t\t\t   <span itemprop='height' >1024<\/span>\n\t\t\t\t\t   <span itemprop='width' >769<\/span>\n\t\t\t\t  <\/span><span class='av-structured-data'  itemprop=\"publisher\" itemtype=\"https:\/\/schema.org\/Organization\" itemscope=\"itemscope\" >\n\t\t\t\t<span itemprop='name'>Felipe_2017<\/span>\n\t\t\t\t<span itemprop='logo' itemscope itemtype='http:\/\/schema.org\/ImageObject'>\n\t\t\t\t   <span itemprop='url'>http:\/\/mercadostorrepacheco.es\/wp-content\/uploads\/logo_mercados.png<\/span>\n\t\t\t\t <\/span>\n\t\t\t  <\/span><span class='av-structured-data'  itemprop=\"author\" itemscope=\"itemscope\" itemtype=\"https:\/\/schema.org\/Person\" ><span itemprop='name'>Felipe_2017<\/span><\/span><span class='av-structured-data'  itemprop=\"datePublished\" datetime=\"2019-03-05T18:34:38+00:00\" >2023-03-01 10:57:00<\/span><span class='av-structured-data'  itemprop=\"dateModified\" itemtype=\"https:\/\/schema.org\/dateModified\" >2024-08-27 11:09:07<\/span><span class='av-structured-data'  itemprop=\"mainEntityOfPage\" itemtype=\"https:\/\/schema.org\/mainEntityOfPage\" ><span itemprop='name'>Feria del Comercio en Torre Pacheco 2023<\/span><\/span><\/span><\/article><article class='slide-entry flex_column  post-entry post-entry-4154 slide-entry-overview slide-loop-3 slide-parity-odd  av_one_third  real-thumbnail'  itemscope=\"itemscope\" itemtype=\"https:\/\/schema.org\/BlogPosting\" itemprop=\"blogPost\" ><a href='https:\/\/mercadostorrepacheco.es\/index.php\/2020\/03\/05\/i-feria-del-comercio-villa-de-torre-pacheco-2019-2\/' data-rel='slide-1' class='slide-image' title=''><img loading=\"lazy\" decoding=\"async\" width=\"384\" height=\"309\" src=\"https:\/\/mercadostorrepacheco.es\/wp-content\/uploads\/feria.jpg\" class=\"attachment-portfolio size-portfolio wp-post-image\" alt=\"\" srcset=\"https:\/\/mercadostorrepacheco.es\/wp-content\/uploads\/feria.jpg 384w, https:\/\/mercadostorrepacheco.es\/wp-content\/uploads\/feria-300x241.jpg 300w\" sizes=\"(max-width: 384px) 100vw, 384px\" \/><\/a><div class='slide-content'><header class=\"entry-content-header\"><h3 class='slide-entry-title entry-title'  itemprop=\"headline\" ><a href='https:\/\/mercadostorrepacheco.es\/index.php\/2020\/03\/05\/i-feria-del-comercio-villa-de-torre-pacheco-2019-2\/' title='II FERIA DEL COMERCIO VILLA DE TORRE PACHECO 2020'>II FERIA DEL COMERCIO VILLA DE TORRE PACHECO 2020<\/a><\/h3><span class=\"blog-categories minor-meta\"><a href=\"https:\/\/mercadostorrepacheco.es\/index.php\/category\/news\/\" rel=\"tag\">Noticias<\/a> <\/span><span class=\"av-vertical-delimiter\"><\/span><\/header><div class='slide-entry-excerpt entry-content'  itemprop=\"text\" >\r\n\r\nII Feria del Comercio de Torre Pacheco que tendr\u00e1 lugar del 13 al 15 de marzo, en su casco urbano, donde se ha proyectado una zona comercial y de hosteler\u00eda, con una carpa gastron\u00f3mica. Durante el fin de semana se realizar\u00e1n dos conciertos\u2026<\/div><\/div><footer class=\"entry-footer\"><div class='slide-meta'><time class='slide-meta-time updated'  itemprop=\"datePublished\" datetime=\"2020-03-05T17:40:44+00:00\" >5 marzo, 2020<\/time><\/div><\/footer><span class='hidden'>\n\t\t\t<span class='av-structured-data'  itemscope=\"itemscope\" itemtype=\"https:\/\/schema.org\/ImageObject\"  itemprop='image'>\n\t\t\t\t\t   <span itemprop='url' >https:\/\/mercadostorrepacheco.es\/wp-content\/uploads\/feria.jpg<\/span>\n\t\t\t\t\t   <span itemprop='height' >309<\/span>\n\t\t\t\t\t   <span itemprop='width' >384<\/span>\n\t\t\t\t  <\/span><span class='av-structured-data'  itemprop=\"publisher\" itemtype=\"https:\/\/schema.org\/Organization\" itemscope=\"itemscope\" >\n\t\t\t\t<span itemprop='name'>Felipe_2017<\/span>\n\t\t\t\t<span itemprop='logo' itemscope itemtype='http:\/\/schema.org\/ImageObject'>\n\t\t\t\t   <span itemprop='url'>http:\/\/mercadostorrepacheco.es\/wp-content\/uploads\/logo_mercados.png<\/span>\n\t\t\t\t <\/span>\n\t\t\t  <\/span><span class='av-structured-data'  itemprop=\"author\" itemscope=\"itemscope\" itemtype=\"https:\/\/schema.org\/Person\" ><span itemprop='name'>Felipe_2017<\/span><\/span><span class='av-structured-data'  itemprop=\"datePublished\" datetime=\"2019-03-05T18:34:38+00:00\" >2020-03-05 17:40:44<\/span><span class='av-structured-data'  itemprop=\"dateModified\" itemtype=\"https:\/\/schema.org\/dateModified\" >2020-03-05 17:48:55<\/span><span class='av-structured-data'  itemprop=\"mainEntityOfPage\" itemtype=\"https:\/\/schema.org\/mainEntityOfPage\" ><span itemprop='name'>II FERIA DEL COMERCIO VILLA DE TORRE PACHECO 2020<\/span><\/span><\/span><\/article><\/div><div class='slide-entry-wrap'><article class='slide-entry flex_column  post-entry post-entry-4135 slide-entry-overview slide-loop-4 slide-parity-odd  av_one_third first real-thumbnail'  itemscope=\"itemscope\" itemtype=\"https:\/\/schema.org\/BlogPosting\" itemprop=\"blogPost\" ><a href='https:\/\/mercadostorrepacheco.es\/index.php\/2019\/12\/15\/mercadillos-de-verano-2019-2\/' data-rel='slide-1' class='slide-image' title=''><img loading=\"lazy\" decoding=\"async\" width=\"384\" height=\"309\" src=\"https:\/\/mercadostorrepacheco.es\/wp-content\/uploads\/n.jpg\" class=\"attachment-portfolio size-portfolio wp-post-image\" alt=\"\" srcset=\"https:\/\/mercadostorrepacheco.es\/wp-content\/uploads\/n.jpg 384w, https:\/\/mercadostorrepacheco.es\/wp-content\/uploads\/n-300x241.jpg 300w\" sizes=\"(max-width: 384px) 100vw, 384px\" \/><\/a><div class='slide-content'><header class=\"entry-content-header\"><h3 class='slide-entry-title entry-title'  itemprop=\"headline\" ><a href='https:\/\/mercadostorrepacheco.es\/index.php\/2019\/12\/15\/mercadillos-de-verano-2019-2\/' title='Esta Navidad, compra en tu pueblo'>Esta Navidad, compra en tu pueblo<\/a><\/h3><span class=\"blog-categories minor-meta\"><a href=\"https:\/\/mercadostorrepacheco.es\/index.php\/category\/news\/\" rel=\"tag\">Noticias<\/a> <\/span><span class=\"av-vertical-delimiter\"><\/span><\/header><div class='slide-entry-excerpt entry-content'  itemprop=\"text\" >\r\nAnte el habitual periodo de compras navide\u00f1as, se pone en marcha una campa\u00f1a de fomento, impulso y promoci\u00f3n del comercio local denominada Esta Navidad compra en tu pueblo.\r\n\r\nTorre Pacheco ofrece a los consumidores y usuarios una diversificada\u2026<\/div><\/div><footer class=\"entry-footer\"><div class='slide-meta'><time class='slide-meta-time updated'  itemprop=\"datePublished\" datetime=\"2019-12-15T18:55:51+00:00\" >15 diciembre, 2019<\/time><\/div><\/footer><span class='hidden'>\n\t\t\t<span class='av-structured-data'  itemscope=\"itemscope\" itemtype=\"https:\/\/schema.org\/ImageObject\"  itemprop='image'>\n\t\t\t\t\t   <span itemprop='url' >https:\/\/mercadostorrepacheco.es\/wp-content\/uploads\/n.jpg<\/span>\n\t\t\t\t\t   <span itemprop='height' >309<\/span>\n\t\t\t\t\t   <span itemprop='width' >384<\/span>\n\t\t\t\t  <\/span><span class='av-structured-data'  itemprop=\"publisher\" itemtype=\"https:\/\/schema.org\/Organization\" itemscope=\"itemscope\" >\n\t\t\t\t<span itemprop='name'>Felipe_2017<\/span>\n\t\t\t\t<span itemprop='logo' itemscope itemtype='http:\/\/schema.org\/ImageObject'>\n\t\t\t\t   <span itemprop='url'>http:\/\/mercadostorrepacheco.es\/wp-content\/uploads\/logo_mercados.png<\/span>\n\t\t\t\t <\/span>\n\t\t\t  <\/span><span class='av-structured-data'  itemprop=\"author\" itemscope=\"itemscope\" itemtype=\"https:\/\/schema.org\/Person\" ><span itemprop='name'>Felipe_2017<\/span><\/span><span class='av-structured-data'  itemprop=\"datePublished\" datetime=\"2019-03-05T18:34:38+00:00\" >2019-12-15 18:55:51<\/span><span class='av-structured-data'  itemprop=\"dateModified\" itemtype=\"https:\/\/schema.org\/dateModified\" >2020-02-27 19:03:10<\/span><span class='av-structured-data'  itemprop=\"mainEntityOfPage\" itemtype=\"https:\/\/schema.org\/mainEntityOfPage\" ><span itemprop='name'>Esta Navidad, compra en tu pueblo<\/span><\/span><\/span><\/article><article class='slide-entry flex_column  post-entry post-entry-4129 slide-entry-overview slide-loop-5 slide-parity-even  av_one_third  real-thumbnail'  itemscope=\"itemscope\" itemtype=\"https:\/\/schema.org\/BlogPosting\" itemprop=\"blogPost\" ><a href='https:\/\/mercadostorrepacheco.es\/index.php\/2019\/06\/20\/mercadillos-de-verano-2019\/' data-rel='slide-1' class='slide-image' title=''><img loading=\"lazy\" decoding=\"async\" width=\"495\" height=\"400\" src=\"https:\/\/mercadostorrepacheco.es\/wp-content\/uploads\/0b4201e3-8dfc-4570-8391-827d042e7fda-495x400.jpg\" class=\"attachment-portfolio size-portfolio wp-post-image\" alt=\"\" \/><\/a><div class='slide-content'><header class=\"entry-content-header\"><h3 class='slide-entry-title entry-title'  itemprop=\"headline\" ><a href='https:\/\/mercadostorrepacheco.es\/index.php\/2019\/06\/20\/mercadillos-de-verano-2019\/' title='Mercadillos de Verano 2019'>Mercadillos de Verano 2019<\/a><\/h3><span class=\"blog-categories minor-meta\"><a href=\"https:\/\/mercadostorrepacheco.es\/index.php\/category\/news\/\" rel=\"tag\">Noticias<\/a> <\/span><span class=\"av-vertical-delimiter\"><\/span><\/header><div class='slide-entry-excerpt entry-content'  itemprop=\"text\" >\r\nSi quieres vivir un verano de compras y animaci\u00f3n, no puedes perder la oportunidad de visitar nuestros mercadillos de verano en La Torre Golf Resort, con m\u00fasica en vivo, actividades infantiles, barras de comida y bebida, y mucho m\u00e1s. Todo\u2026<\/div><\/div><footer class=\"entry-footer\"><div class='slide-meta'><time class='slide-meta-time updated'  itemprop=\"datePublished\" datetime=\"2019-06-20T18:50:22+00:00\" >20 junio, 2019<\/time><\/div><\/footer><span class='hidden'>\n\t\t\t<span class='av-structured-data'  itemscope=\"itemscope\" itemtype=\"https:\/\/schema.org\/ImageObject\"  itemprop='image'>\n\t\t\t\t\t   <span itemprop='url' >https:\/\/mercadostorrepacheco.es\/wp-content\/uploads\/0b4201e3-8dfc-4570-8391-827d042e7fda.jpg<\/span>\n\t\t\t\t\t   <span itemprop='height' >668<\/span>\n\t\t\t\t\t   <span itemprop='width' >668<\/span>\n\t\t\t\t  <\/span><span class='av-structured-data'  itemprop=\"publisher\" itemtype=\"https:\/\/schema.org\/Organization\" itemscope=\"itemscope\" >\n\t\t\t\t<span itemprop='name'>Felipe_2017<\/span>\n\t\t\t\t<span itemprop='logo' itemscope itemtype='http:\/\/schema.org\/ImageObject'>\n\t\t\t\t   <span itemprop='url'>http:\/\/mercadostorrepacheco.es\/wp-content\/uploads\/logo_mercados.png<\/span>\n\t\t\t\t <\/span>\n\t\t\t  <\/span><span class='av-structured-data'  itemprop=\"author\" itemscope=\"itemscope\" itemtype=\"https:\/\/schema.org\/Person\" ><span itemprop='name'>Felipe_2017<\/span><\/span><span class='av-structured-data'  itemprop=\"datePublished\" datetime=\"2019-03-05T18:34:38+00:00\" >2019-06-20 18:50:22<\/span><span class='av-structured-data'  itemprop=\"dateModified\" itemtype=\"https:\/\/schema.org\/dateModified\" >2020-02-27 19:04:24<\/span><span class='av-structured-data'  itemprop=\"mainEntityOfPage\" itemtype=\"https:\/\/schema.org\/mainEntityOfPage\" ><span itemprop='name'>Mercadillos de Verano 2019<\/span><\/span><\/span><\/article><article class='slide-entry flex_column  post-entry post-entry-4122 slide-entry-overview slide-loop-6 slide-parity-odd  post-entry-last  av_one_third  real-thumbnail'  itemscope=\"itemscope\" itemtype=\"https:\/\/schema.org\/BlogPosting\" itemprop=\"blogPost\" ><a href='https:\/\/mercadostorrepacheco.es\/index.php\/2019\/03\/05\/i-feria-del-comercio-villa-de-torre-pacheco-2019\/' data-rel='slide-1' class='slide-image' title=''><img loading=\"lazy\" decoding=\"async\" width=\"384\" height=\"309\" src=\"https:\/\/mercadostorrepacheco.es\/wp-content\/uploads\/if.jpg\" class=\"attachment-portfolio size-portfolio wp-post-image\" alt=\"\" srcset=\"https:\/\/mercadostorrepacheco.es\/wp-content\/uploads\/if.jpg 384w, https:\/\/mercadostorrepacheco.es\/wp-content\/uploads\/if-300x241.jpg 300w\" sizes=\"(max-width: 384px) 100vw, 384px\" \/><\/a><div class='slide-content'><header class=\"entry-content-header\"><h3 class='slide-entry-title entry-title'  itemprop=\"headline\" ><a href='https:\/\/mercadostorrepacheco.es\/index.php\/2019\/03\/05\/i-feria-del-comercio-villa-de-torre-pacheco-2019\/' title='I FERIA DEL COMERCIO VILLA DE TORRE PACHECO 2019'>I FERIA DEL COMERCIO VILLA DE TORRE PACHECO 2019<\/a><\/h3><span class=\"blog-categories minor-meta\"><a href=\"https:\/\/mercadostorrepacheco.es\/index.php\/category\/news\/\" rel=\"tag\">Noticias<\/a> <\/span><span class=\"av-vertical-delimiter\"><\/span><\/header><div class='slide-entry-excerpt entry-content'  itemprop=\"text\" >\r\nEl pasado s\u00e1bado 2 y el domingo 3 de marzo, se celebr\u00f3 la I Feria del Comercio en el Paraje de El Pasico, de Torre Pacheco. El Ayuntamiento de Torre Pacheco, organiz\u00f3 este evento de dinamizaci\u00f3n del comercio local, junto a COEC, ACOMTPA,\u2026<\/div><\/div><footer class=\"entry-footer\"><div class='slide-meta'><time class='slide-meta-time updated'  itemprop=\"datePublished\" datetime=\"2019-03-05T18:34:38+00:00\" >5 marzo, 2019<\/time><\/div><\/footer><span class='hidden'>\n\t\t\t<span class='av-structured-data'  itemscope=\"itemscope\" itemtype=\"https:\/\/schema.org\/ImageObject\"  itemprop='image'>\n\t\t\t\t\t   <span itemprop='url' >https:\/\/mercadostorrepacheco.es\/wp-content\/uploads\/if.jpg<\/span>\n\t\t\t\t\t   <span itemprop='height' >309<\/span>\n\t\t\t\t\t   <span itemprop='width' >384<\/span>\n\t\t\t\t  <\/span><span class='av-structured-data'  itemprop=\"publisher\" itemtype=\"https:\/\/schema.org\/Organization\" itemscope=\"itemscope\" >\n\t\t\t\t<span itemprop='name'>Felipe_2017<\/span>\n\t\t\t\t<span itemprop='logo' itemscope itemtype='http:\/\/schema.org\/ImageObject'>\n\t\t\t\t   <span itemprop='url'>http:\/\/mercadostorrepacheco.es\/wp-content\/uploads\/logo_mercados.png<\/span>\n\t\t\t\t <\/span>\n\t\t\t  <\/span><span class='av-structured-data'  itemprop=\"author\" itemscope=\"itemscope\" itemtype=\"https:\/\/schema.org\/Person\" ><span itemprop='name'>Felipe_2017<\/span><\/span><span class='av-structured-data'  itemprop=\"datePublished\" datetime=\"2019-03-05T18:34:38+00:00\" >2019-03-05 18:34:38<\/span><span class='av-structured-data'  itemprop=\"dateModified\" itemtype=\"https:\/\/schema.org\/dateModified\" >2020-02-27 18:48:09<\/span><span class='av-structured-data'  itemprop=\"mainEntityOfPage\" itemtype=\"https:\/\/schema.org\/mainEntityOfPage\" ><span itemprop='name'>I FERIA DEL COMERCIO VILLA DE TORRE PACHECO 2019<\/span><\/span><\/span><\/article><\/div><\/div><div class='pagination-wrap pagination-slider'><nav class='pagination'><span class='pagination-meta'>P\u00e1gina 1 de 3<\/span><span class='current'>1<\/span><a href='https:\/\/mercadostorrepacheco.es\/index.php\/wp-json\/wp\/v2\/pages\/3452\/page\/2\/' class='inactive' >2<\/a><a href='https:\/\/mercadostorrepacheco.es\/index.php\/wp-json\/wp\/v2\/pages\/3452\/page\/3\/' class='inactive' >3<\/a><\/nav>\n<\/div><\/div><\/p>\n","protected":false},"excerpt":{"rendered":"","protected":false},"author":1,"featured_media":0,"parent":0,"menu_order":0,"comment_status":"closed","ping_status":"closed","template":"","meta":{"_monsterinsights_skip_tracking":false,"_monsterinsights_sitenote_active":false,"_monsterinsights_sitenote_note":"","_monsterinsights_sitenote_category":0,"footnotes":""},"_links":{"self":[{"href":"https:\/\/mercadostorrepacheco.es\/index.php\/wp-json\/wp\/v2\/pages\/3452"}],"collection":[{"href":"https:\/\/mercadostorrepacheco.es\/index.php\/wp-json\/wp\/v2\/pages"}],"about":[{"href":"https:\/\/mercadostorrepacheco.es\/index.php\/wp-json\/wp\/v2\/types\/page"}],"author":[{"embeddable":true,"href":"https:\/\/mercadostorrepacheco.es\/index.php\/wp-json\/wp\/v2\/users\/1"}],"replies":[{"embeddable":true,"href":"https:\/\/mercadostorrepacheco.es\/index.php\/wp-json\/wp\/v2\/comments?post=3452"}],"version-history":[{"count":4,"href":"https:\/\/mercadostorrepacheco.es\/index.php\/wp-json\/wp\/v2\/pages\/3452\/revisions"}],"predecessor-version":[{"id":3454,"href":"https:\/\/mercadostorrepacheco.es\/index.php\/wp-json\/wp\/v2\/pages\/3452\/revisions\/3454"}],"wp:attachment":[{"href":"https:\/\/mercadostorrepacheco.es\/index.php\/wp-json\/wp\/v2\/media?parent=3452"}],"curies":[{"name":"wp","href":"https:\/\/api.w.org\/{rel}","templated":true}]}}