{"id":3426,"date":"2017-06-06T09:55:59","date_gmt":"2017-06-06T09:55:59","guid":{"rendered":"http:\/\/mercadostorrepacheco.es\/boceto\/?page_id=3426"},"modified":"2017-06-23T08:45:21","modified_gmt":"2017-06-23T08:45:21","slug":"solicitud","status":"publish","type":"page","link":"https:\/\/mercadostorrepacheco.es\/index.php\/solicitud\/","title":{"rendered":"Solicitud"},"content":{"rendered":"<div id='av_gmap_1' class='avia-google-map-container' data-mapid='1' style='height: 500px;'><\/div>\n<\/div><\/div><\/div><!-- close content main div --><\/div><\/div><div id='av_section_1' class='avia-section main_color avia-section-large avia-no-border-styling avia-bg-style-scroll  container_wrap sidebar_right'   ><div class='container' ><div class='template-page content  av-content-small alpha units'><div class='post-entry post-entry-type-page post-entry-3426'><div class='entry-content-wrapper clearfix'>\n<div style='padding-bottom:20px;font-size:40px;' class='av-special-heading av-special-heading-h2  blockquote modern-quote   av-inherit-size'><h2 class='av-special-heading-tag'  itemprop=\"headline\"  >Solicitud<\/h2><div class ='av-subheading av-subheading_below ' style='font-size:15px;'><p>Para instalaci\u00f3n o mejora de puesto en los mercados del municipio<\/p>\n<\/div><div class='special-heading-border'><div class='special-heading-inner-border' ><\/div><\/div><\/div>\n<div class=\"flex_column av_three_fifth  flex_column_div av-zero-column-padding first  \" style='border-radius:0px; '><form action=\"https:\/\/mercadostorrepacheco.es\/index.php\/solicitud\/\" method=\"post\"  class=\"avia_ajax_form av-form-labels-visible   \" data-avia-form-id=\"1\" data-avia-redirect=''><fieldset><h3>Cont\u00e1ctanos<\/h3><p class=' first_form  form_element form_element_three_fourth' id='element_avia_1_1'><label for=\"avia_1_1\">Nombre del titular del Puesto: <abbr class=\"required\" title=\"required\">*<\/abbr><\/label> <input name=\"avia_1_1\" class=\"text_input is_empty\" type=\"text\" id=\"avia_1_1\" value=\"\" \/><\/p><p class=' form_element form_element_fourth' id='element_avia_2_1'><label for=\"avia_2_1\">D.N.I. <abbr class=\"required\" title=\"required\">*<\/abbr><\/label> <input name=\"avia_2_1\" class=\"text_input is_empty\" type=\"text\" id=\"avia_2_1\" value=\"\" \/><\/p><p class=' first_form  form_element form_fullwidth' id='element_avia_3_1'><label for=\"avia_3_1\">Actividad <abbr class=\"required\" title=\"required\">*<\/abbr><\/label> <input name=\"avia_3_1\" class=\"text_input is_empty\" type=\"text\" id=\"avia_3_1\" value=\"\" \/><\/p><p class=' first_form  form_element form_fullwidth' id='element_avia_4_1'><label for=\"avia_4_1\">Email <abbr class=\"required\" title=\"required\">*<\/abbr><\/label> <input name=\"avia_4_1\" class=\"text_input is_email\" type=\"text\" id=\"avia_4_1\" value=\"\" \/><\/p><p class=' first_form  form_element form_element_two_third' id='element_avia_5_1'><label for=\"avia_5_1\">Domicilio <abbr class=\"required\" title=\"required\">*<\/abbr><\/label> <input name=\"avia_5_1\" class=\"text_input is_empty\" type=\"text\" id=\"avia_5_1\" value=\"\" \/><\/p><p class=' form_element form_element_third' id='element_avia_6_1'><label for=\"avia_6_1\">Poblaci\u00f3n <abbr class=\"required\" title=\"required\">*<\/abbr><\/label> <input name=\"avia_6_1\" class=\"text_input is_empty\" type=\"text\" id=\"avia_6_1\" value=\"\" \/><\/p><p class=' first_form  form_element form_element_fourth' id='element_avia_7_1'><label for=\"avia_7_1\">C.P. <abbr class=\"required\" title=\"required\">*<\/abbr><\/label> <input name=\"avia_7_1\" class=\"text_input is_empty\" type=\"text\" id=\"avia_7_1\" value=\"\" \/><\/p><p class=' form_element form_element_half' id='element_avia_8_1'><label for=\"avia_8_1\">Tel\u00e9fono <abbr class=\"required\" title=\"required\">*<\/abbr><\/label> <input name=\"avia_8_1\" class=\"text_input is_empty\" type=\"text\" id=\"avia_8_1\" value=\"\" \/><\/p><p class=' form_element form_element_fourth' id='element_avia_9_1'><label for=\"avia_9_1\">Mts. lineales <abbr class=\"required\" title=\"required\">*<\/abbr><\/label> <input name=\"avia_9_1\" class=\"text_input is_number\" type=\"text\" id=\"avia_9_1\" value=\"\" \/><\/p><p class=' first_form  form_element form_fullwidth' id='element_avia_10_1'><label for=\"avia_10_1\">Asunto <abbr class=\"required\" title=\"required\">*<\/abbr><\/label> <input name=\"avia_10_1\" class=\"text_input is_empty\" type=\"text\" id=\"avia_10_1\" value=\"\" \/><\/p><p class=' first_form  form_element form_fullwidth' id='element_avia_11_1'>\t <label for=\"avia_11_1\" class=\"textare_label hidden textare_label_avia_11_1\">Mensaje <abbr class=\"required\" title=\"required\">*<\/abbr><\/label>\t <textarea  name=\"avia_11_1\" class=\"text_area is_empty\" cols=\"40\" rows=\"7\" id=\"avia_11_1\" ><\/textarea><\/p><p class=' first_form  form_element form_fullwidth av-last-visible-form-element' id='element_avia_12_1'>    <input  name=\"avia_12_1\" class=\"input_checkbox is_empty\" type=\"checkbox\" id=\"avia_12_1\" value=\"true\"\/><label class=\"input_checkbox_label\" for=\"avia_12_1\"><\/p>\n<p style=\"font-size: 12px; line-height: 16px;\">De conformidad con la Ley Org\u00e1nica 15\/1999 de Protecci\u00f3n de Datos de Car\u00e1cter Personal, le informamos que los datos personales enviados en \u00e9ste formulario se incorporar\u00e1n a un fichero debidamente inscrito en el Registro General de Protecci\u00f3n de Datos cuyo titular es Mercados Torre Pacheco S.L., con la finalidad de estudio de viabilidad del contenido de la solicitud objeto del tratamiento y posterior desempe\u00f1o de las labores profesionales propias del Responsable.<\/p>\n<p style=\"font-size: 12px; line-height: 16px;\">As\u00edmismo, el solicitante declara que los datos personales consignados para su tratamiento son Verdaderos, Exactos, Completos y Actualizados, respondiendo de los da\u00f1os y perjuicios que pudiera ocasionar a causa de su cumplimentaci\u00f3n defectuosa e inexacta.<\/p>\n<p style=\"font-size: 12px; line-height: 16px;\">Los datos personales del Solicitante son confeccionados en calidad de entidad jur\u00eddica y no ser\u00e1n cedidos a terceros, pudiendo ejercer en todo momento sus derechos de Acceso, Rectificaci\u00f3n, Cancelaci\u00f3n u Oposici\u00f3n, dirigi\u00e9ndose por escrito a la siguiente direcci\u00f3n : Calle Avda. Estaci\u00f3n, 8, CP 30700 TorrePacheco, Murcia<\/p>\n<p> <abbr class=\"required\" title=\"required\">*<\/abbr><\/label><\/p><p class=\"hidden\"><input type=\"text\" name=\"avia_13_1\" class=\"hidden \" id=\"avia_13_1\" value=\"\" \/><\/p><p class=\"form_element \"><input type=\"hidden\" value=\"1\" name=\"avia_generated_form1\" \/><input type=\"submit\" value=\"Enviar\" class=\"button\"  data-sending-label=\"Enviando\"\/><\/p><\/fieldset><\/form><div id=\"ajaxresponse_1\" class=\"ajaxresponse ajaxresponse_1 hidden\"><\/div><\/div><div class=\"flex_column av_two_fifth  flex_column_div av-zero-column-padding   \" style='border-radius:0px; '><section class=\"av_textblock_section\"  itemscope=\"itemscope\" itemtype=\"https:\/\/schema.org\/CreativeWork\" ><div class='avia_textblock '   itemprop=\"text\" ><h2 align=\"left\"><\/h2>\n<div class=\"Estilo1\" align=\"left\"><\/div>\n<p><img decoding=\"async\" src=\"http:\/\/mercadostorrepacheco.es\/wp-content\/uploads\/image-about-organiz.png\" width=\"300\" \/><\/p>\n<\/div><\/section><br \/>\n<section class=\"av_textblock_section\"  itemscope=\"itemscope\" itemtype=\"https:\/\/schema.org\/CreativeWork\" ><div class='avia_textblock '   itemprop=\"text\" ><h3 style=\"text-align: center;\">Si lo desea puede descargar<\/h3>\n<h3 style=\"text-align: center;\">la solicitud en formato pdf,<\/h3>\n<h4 style=\"text-align: center;\">&lt;<a href=\"http:\/\/mercadostorrepacheco.es\/solicitud.pdf\" target=\"_blank\" rel=\"noopener noreferrer\">pinchando en este enlace<\/a>&gt;<\/h4>\n<\/div><\/section><\/p><\/div><\/div><\/div><\/div><!-- close content main div --><\/div><div class='av-extra-border-element border-extra-arrow-down'><div class='av-extra-border-outer'><div class='av-extra-border-inner'  style='background-color:#ffffff;' ><\/div><\/div><\/div><\/div><div id='after_section_1' class='main_color av_default_container_wrap container_wrap sidebar_right'   ><div class='container' ><div class='template-page content  av-content-small alpha units'><div class='post-entry post-entry-type-page post-entry-3426'><div class='entry-content-wrapper clearfix'><\/div><\/div><\/div><!-- close content main div --><\/div><div class='av-extra-border-element border-extra-arrow-down'><div class='av-extra-border-outer'><div class='av-extra-border-inner'  style='background-color:#ffffff;' ><\/div><\/div><\/div><\/div><div id='newsletter' class='avia-section main_color avia-section-huge avia-no-border-styling avia-full-stretch av-section-color-overlay-active avia-bg-style-fixed  container_wrap sidebar_right' style = 'background-repeat: no-repeat; background-image: url(http:\/\/test.kriesi.at\/enfold-2017\/wp-content\/uploads\/sites\/24\/2015\/07\/business-office-work.jpg); background-attachment: fixed; background-position: center center; ' data-section-bg-repeat='stretch' ><div class='av-section-color-overlay-wrap'><div class='av-section-color-overlay' style='opacity: 0.9; background-color: #35383c; '><\/div><div class='container' ><div class='template-page content  av-content-small alpha units'><div class='post-entry post-entry-type-page post-entry-3426'><div class='entry-content-wrapper clearfix'>\n<div style='padding-bottom:20px;color:#ffffff;font-size:40px;' class='av-special-heading av-special-heading-h1 custom-color-heading blockquote modern-quote modern-centered   av-inherit-size'><h1 class='av-special-heading-tag'  itemprop=\"headline\"  >\u00bfQuieres estar al d\u00eda? Suscr\u00edbase a nuestro bolet\u00edn de noticias<\/h1><div class='special-heading-border'><div class='special-heading-inner-border' style='border-color:#ffffff'><\/div><\/div><\/div>\n<div class=\"flex_column av_one_fifth  av-animated-generic fade-in  flex_column_div av-zero-column-padding first  \" style='border-radius:0px; '><\/div><div class=\"flex_column av_three_fifth  av-animated-generic fade-in  flex_column_div av-zero-column-padding   \" style='border-radius:0px; '><p><form action=\"https:\/\/mercadostorrepacheco.es\/index.php\/solicitud\/\" method=\"post\"  class=\"avia_ajax_form av-form-labels-hidden   av-custom-form-color av-light-form\" data-avia-form-id=\"2\" data-avia-redirect=''><fieldset><p class=' first_form  form_element form_element_third' id='element_avia_1_2'> <input name=\"avia_1_2\" class=\"text_input is_empty\" type=\"text\" id=\"avia_1_2\" value=\"\"  placeholder='Nombre*'\/><\/p><p class=' form_element form_element_third av-last-visible-form-element' id='element_avia_2_2'> <input name=\"avia_2_2\" class=\"text_input is_email\" type=\"text\" id=\"avia_2_2\" value=\"\"  placeholder='E-Mail*'\/><\/p><p class=\"hidden\"><input type=\"text\" name=\"avia_3_2\" class=\"hidden \" id=\"avia_3_2\" value=\"\" \/><\/p><p class=\"form_element form_element_third modified_width\"><input type=\"hidden\" value=\"1\" name=\"avia_generated_form2\" \/><input type=\"submit\" value=\"Suscribir\" class=\"button\"  data-sending-label=\"Enviando\"\/><\/p><\/fieldset><\/form><div id=\"ajaxresponse_2\" class=\"ajaxresponse ajaxresponse_2 hidden\"><\/div><br \/>\n<section class=\"av_textblock_section\"  itemscope=\"itemscope\" itemtype=\"https:\/\/schema.org\/CreativeWork\" ><div class='avia_textblock  av_inherit_color'  style='color:#cecece; '  itemprop=\"text\" ><p style=\"text-align: center;\">Valoramos su privacidad. Nunca le enviaremos spam o pasaremos su informaci\u00f3n a terceros.<\/p>\n<\/div><\/section><\/p><\/div><div class=\"flex_column av_one_fifth  av-animated-generic fade-in  flex_column_div av-zero-column-padding   \" style='border-radius:0px; '><\/div>\n<\/div><\/div><\/div><!-- close content main div --><\/div><\/div><\/div><div id='after_section_2' class='main_color av_default_container_wrap container_wrap sidebar_right'   ><div class='container' ><div class='template-page content  av-content-small alpha units'><div class='post-entry post-entry-type-page post-entry-3426'><div class='entry-content-wrapper clearfix'><\/p>\n","protected":false},"excerpt":{"rendered":"","protected":false},"author":1,"featured_media":0,"parent":0,"menu_order":0,"comment_status":"closed","ping_status":"closed","template":"","meta":{"_monsterinsights_skip_tracking":false,"_monsterinsights_sitenote_active":false,"_monsterinsights_sitenote_note":"","_monsterinsights_sitenote_category":0,"footnotes":""},"_links":{"self":[{"href":"https:\/\/mercadostorrepacheco.es\/index.php\/wp-json\/wp\/v2\/pages\/3426"}],"collection":[{"href":"https:\/\/mercadostorrepacheco.es\/index.php\/wp-json\/wp\/v2\/pages"}],"about":[{"href":"https:\/\/mercadostorrepacheco.es\/index.php\/wp-json\/wp\/v2\/types\/page"}],"author":[{"embeddable":true,"href":"https:\/\/mercadostorrepacheco.es\/index.php\/wp-json\/wp\/v2\/users\/1"}],"replies":[{"embeddable":true,"href":"https:\/\/mercadostorrepacheco.es\/index.php\/wp-json\/wp\/v2\/comments?post=3426"}],"version-history":[{"count":16,"href":"https:\/\/mercadostorrepacheco.es\/index.php\/wp-json\/wp\/v2\/pages\/3426\/revisions"}],"predecessor-version":[{"id":4171,"href":"https:\/\/mercadostorrepacheco.es\/index.php\/wp-json\/wp\/v2\/pages\/3426\/revisions\/4171"}],"wp:attachment":[{"href":"https:\/\/mercadostorrepacheco.es\/index.php\/wp-json\/wp\/v2\/media?parent=3426"}],"curies":[{"name":"wp","href":"https:\/\/api.w.org\/{rel}","templated":true}]}}