{"id":3364,"date":"2017-06-06T08:40:44","date_gmt":"2017-06-06T08:40:44","guid":{"rendered":"http:\/\/mercadostorrepacheco.es\/boceto\/?page_id=3364"},"modified":"2017-06-06T09:50:32","modified_gmt":"2017-06-06T09:50:32","slug":"politica-de-cookies","status":"publish","type":"page","link":"https:\/\/mercadostorrepacheco.es\/index.php\/politica-de-cookies\/","title":{"rendered":"Pol\u00edtica de Cookies"},"content":{"rendered":"<\/div><\/div><\/div><!-- close content main div --><\/div><\/div><div id='av_section_1' class='avia-section main_color avia-section-small avia-no-border-styling avia-full-stretch av-section-color-overlay-active avia-bg-style-fixed  container_wrap sidebar_right' style = 'background-repeat: no-repeat; background-image: url(https:\/\/mercadostorrepacheco.es\/wp-content\/uploads\/cok3-1-300x179.jpg); background-attachment: fixed; background-position: bottom center; ' data-section-bg-repeat='stretch' ><div class='av-section-color-overlay-wrap'><div class='av-section-color-overlay' style='opacity: 0.5; background-color: #000000; '><\/div><div class='container' ><div class='template-page content  av-content-small alpha units'><div class='post-entry post-entry-type-page post-entry-3364'><div class='entry-content-wrapper clearfix'>\n<div style='padding-bottom:20px;font-size:40px;' class='av-special-heading av-special-heading-h1  blockquote modern-quote modern-centered  av-inherit-size'><h1 class='av-special-heading-tag'  itemprop=\"headline\"  ><label style=\"color: #ffffff;\">Pol\u00edtica de Cookies<\/label><\/h1><div class='special-heading-border'><div class='special-heading-inner-border' ><\/div><\/div><\/div>\n<\/div><\/div><\/div><!-- close content main div --><\/div><\/div><\/div><div id='after_section_1' class='main_color av_default_container_wrap container_wrap sidebar_right'   ><div class='container' ><div class='template-page content  av-content-small alpha units'><div class='post-entry post-entry-type-page post-entry-3364'><div class='entry-content-wrapper clearfix'><\/div><\/div><\/div><!-- close content main div --><\/div><\/div><div id='av_section_2' class='avia-section main_color avia-section-large avia-no-border-styling avia-bg-style-scroll  container_wrap sidebar_right'   ><div class='container' ><div class='template-page content  av-content-small alpha units'><div class='post-entry post-entry-type-page post-entry-3364'><div class='entry-content-wrapper clearfix'>\n<div class=\"flex_column av_one_full  flex_column_div av-zero-column-padding first  \" style='border-radius:0px; '><section class=\"av_textblock_section\"  itemscope=\"itemscope\" itemtype=\"https:\/\/schema.org\/CreativeWork\" ><div class='avia_textblock '   itemprop=\"text\" ><p>La reciente <strong>modificaci\u00f3n normativa en materia de publicidad<\/strong> y gesti\u00f3n del consentimiento para la utilizaci\u00f3n de cookies, p\u00edxeles u otros elementos de almacenamiento de informaci\u00f3n conlleva la obligaci\u00f3n de los sitios web a adaptarse a la nueva normativa sobre cookies de la <a href=\"http:\/\/noticias.juridicas.com\/base_datos\/Admin\/l34-2002.html\" target=\"_blank\" rel=\"noopener noreferrer\">Ley 34\/2002, de servicios de la sociedad de la informaci\u00f3n y comercio electr\u00f3nico<\/a>.<\/p>\n<p>La descarga de este tipo de elementos, suponen la capacidad para recopilar informaci\u00f3n de la actividad del usuario y tiene implicaciones en relaci\u00f3n con su privacidad.<\/p>\n<p>Por ello, la nueva normativa impone la obligaci\u00f3n de obtener el consentimiento informado de los usuarios para aceptar la utilizaci\u00f3n de cookies en los sitios web.<\/p>\n<h1>\u00bfQu\u00e9 es una cookie?<\/h1>\n<p>Las <em>cookies <\/em>son peque\u00f1o ficheros que se descarga en tu ordenador cuando navegas por sitios web. Un ejemplo sencillo ser\u00eda cuando entras en la p\u00e1gina de una cuenta de correo electr\u00f3nico web como Gmail, Outlook o Yahoo Mail.<\/p>\n<p>Las <em>cookies <\/em>permiten a un sitio web reconocer el navegador de un usuario y <strong>no contienen ni recopilan informaci\u00f3n<\/strong>. Se usan, por ejemplo, para mantener en usuario autenticado en una cuenta como las anteriores sin que sea necesario que se autentique cada vez que acceda a su cuenta. Otro ejemplo es la publicidad donde basado en anuncios que haya visitado el usuario previamente, se le intentan ofrecer anuncios m\u00e1s relevantes.<\/p>\n<p>Utilizamos los siguientes tipos de cookies:<\/p>\n<ul>\n<li><strong>Cookies de primeras partes<\/strong>: son cookies estrictamente necesarias. Permiten la interactuaci\u00f3n del usuario por el sitio web utilizando todas sus funciones. (Duraci\u00f3n entre 23 d\u00edas y tres meses).<\/li>\n<li><strong>Cookies de rendimiento y an\u00e1lisis<\/strong>: son cookies utilizadas para el an\u00e1lisis y estad\u00edsticas que mejoran la experiencia del sitio web. Mediante el uso de estas cookies se puede mostrar informaci\u00f3n m\u00e1s relevante a los visitantes. (Duraci\u00f3n entre 100 d\u00edas y 1 a\u00f1o).<\/li>\n<\/ul>\n<p>As\u00ed mismo, Google Analytics habilita en el dominio del sitio web las cookies denominadas:<\/p>\n<ul>\n<li>\u201c__utma\u201d: es necesaria para el funcionamiento de Google Analytics y tiene un per\u00edodo de caducidad de 2 a\u00f1os.<\/li>\n<li>\u201c__utmz\u201d: es utilizada para realizar la ubicaci\u00f3n de la visita, es decir, desde d\u00f3nde y c\u00f3mo ha llegado el usuario a nuestra web y caduca a los 6 meses).<\/li>\n<\/ul>\n<p>El objetivo es recopilar estad\u00edsticas: el n\u00famero de visitas, el per\u00edodo de consultas, el buscador utilizado para acceder al sitio web, las palabras clave utilizadas, la ubicaci\u00f3n global del visitante, los contenidos visitados en el sitio web, as\u00ed como otros par\u00e1metros del tr\u00e1fico en el sitio web, siempre desde el <strong>anonimato.<\/strong><\/p>\n<p>Google almacena esta informaci\u00f3n recogida por las <em>cookies<\/em> de manera que no se identifica a ning\u00fan usuario. Tampoco se asocia su direcci\u00f3n de IP con cualquier otra informaci\u00f3n de la que disponga. Adem\u00e1s, Google Inc es una empresa que se encuentra adherida al Acuerdo de Puerto Seguro. Dicho acuerdo garantiza que los datos transferidos ser\u00e1n tratados conforme a los niveles de protecci\u00f3n de la normativa europea. Para obtener m\u00e1s informaci\u00f3n acerca de Google Analytics puede dirigirse <a href=\"http:\/\/goo.gl\/KxpaZ\" target=\"_blank\" rel=\"noopener noreferrer\">al siguiente enlace<\/a>.<\/p>\n<p>A partir de la opci\u00f3n que tome acerca del uso de cookies en este sitio web, se le enviar\u00e1 una cookie adicional para salvaguardar su elecci\u00f3n y que no tenga que aceptar el uso de cookies cada vez que acceda a nuestra web<\/p>\n<h1>\u00bfC\u00f3mo desactivar las cookies?<\/h1>\n<p>Todos los navegadores permiten hacer cambios que permiten desactivar la configuraci\u00f3n de las cookies. Estos ajustes se encuentran ubicados en las \u201copciones\u201d o \u201cpreferencias\u201d del men\u00fa de su navegador.<br \/>\nA continuaci\u00f3n te dejamos los enlaces con instrucciones para diferentes navegadores donde ver\u00e1s c\u00f3mo deshabilitar las cookies.<\/p>\n<p>No obstante, recuerda que inhabilitar cookies implica <strong>perder funcionalidad<\/strong> en muchos sitios web.<\/p>\n<ul>\n<li>Instrucciones <a href=\"http:\/\/goo.gl\/ksN5y\" target=\"_blank\" rel=\"noopener noreferrer\">para Internet Explorer<\/a><\/li>\n<li>Instrucciones para <a href=\"http:\/\/goo.gl\/F5pHX\" target=\"_blank\" rel=\"noopener noreferrer\">Mozilla Firefox<\/a><\/li>\n<li>Instrucciones para <a href=\"http:\/\/goo.gl\/8cAo\" target=\"_blank\" rel=\"noopener noreferrer\">Google Chrome<\/a><\/li>\n<li>Instrucciones para <a href=\"http:\/\/goo.gl\/KFBFh\" target=\"_blank\" rel=\"noopener noreferrer\">Safari<\/a><\/li>\n<\/ul>\n<p>Si desea no deseas ser rastreado por las cookies, Google ha desarrollado un complemento para instalar en su navegador al que puede acceder <a href=\"http:\/\/goo.gl\/up4ND\" target=\"_blank\" rel=\"noopener noreferrer\">en el siguiente enlace<\/a>.<\/p>\n<\/div><\/section><\/div>\n<\/div><\/div><\/div><!-- close content main div --><\/div><\/div><div id='after_section_2' class='main_color av_default_container_wrap container_wrap sidebar_right'   ><div class='container' ><div class='template-page content  av-content-small alpha units'><div class='post-entry post-entry-type-page post-entry-3364'><div class='entry-content-wrapper clearfix'><\/p>\n","protected":false},"excerpt":{"rendered":"","protected":false},"author":1,"featured_media":0,"parent":0,"menu_order":0,"comment_status":"closed","ping_status":"closed","template":"","meta":{"_monsterinsights_skip_tracking":false,"_monsterinsights_sitenote_active":false,"_monsterinsights_sitenote_note":"","_monsterinsights_sitenote_category":0,"footnotes":""},"_links":{"self":[{"href":"https:\/\/mercadostorrepacheco.es\/index.php\/wp-json\/wp\/v2\/pages\/3364"}],"collection":[{"href":"https:\/\/mercadostorrepacheco.es\/index.php\/wp-json\/wp\/v2\/pages"}],"about":[{"href":"https:\/\/mercadostorrepacheco.es\/index.php\/wp-json\/wp\/v2\/types\/page"}],"author":[{"embeddable":true,"href":"https:\/\/mercadostorrepacheco.es\/index.php\/wp-json\/wp\/v2\/users\/1"}],"replies":[{"embeddable":true,"href":"https:\/\/mercadostorrepacheco.es\/index.php\/wp-json\/wp\/v2\/comments?post=3364"}],"version-history":[{"count":12,"href":"https:\/\/mercadostorrepacheco.es\/index.php\/wp-json\/wp\/v2\/pages\/3364\/revisions"}],"predecessor-version":[{"id":3416,"href":"https:\/\/mercadostorrepacheco.es\/index.php\/wp-json\/wp\/v2\/pages\/3364\/revisions\/3416"}],"wp:attachment":[{"href":"https:\/\/mercadostorrepacheco.es\/index.php\/wp-json\/wp\/v2\/media?parent=3364"}],"curies":[{"name":"wp","href":"https:\/\/api.w.org\/{rel}","templated":true}]}}