{"id":3307,"date":"2017-06-05T10:15:00","date_gmt":"2017-06-05T10:15:00","guid":{"rendered":"http:\/\/mercadostorrepacheco.es\/boceto\/?page_id=3307"},"modified":"2017-06-06T09:22:35","modified_gmt":"2017-06-06T09:22:35","slug":"proyecto","status":"publish","type":"page","link":"https:\/\/mercadostorrepacheco.es\/index.php\/proyecto\/","title":{"rendered":"Proyecto"},"content":{"rendered":"<\/div><\/div><\/div><!-- close content main div --><\/div><\/div><div id='av_section_1' class='avia-section main_color avia-section-huge avia-no-border-styling avia-bg-style-scroll  container_wrap sidebar_right' style = 'background-repeat: no-repeat; background-image: url(https:\/\/mercadostorrepacheco.es\/wp-content\/uploads\/eda2-na-sajt-2000h400.jpg); background-attachment: scroll; background-position: center center; ' data-section-bg-repeat='no-repeat' ><div class='container' ><div class='template-page content  av-content-small alpha units'><div class='post-entry post-entry-type-page post-entry-3307'><div class='entry-content-wrapper clearfix'><\/div><\/div><\/div><!-- close content main div --><\/div><\/div><div id='after_section_1' class='main_color av_default_container_wrap container_wrap sidebar_right'   ><div class='container' ><div class='template-page content  av-content-small alpha units'><div class='post-entry post-entry-type-page post-entry-3307'><div class='entry-content-wrapper clearfix'>\n<\/div><\/div><\/div><!-- close content main div --><\/div><\/div><div id='av_section_2' class='avia-section main_color avia-section-large avia-no-border-styling avia-bg-style-scroll  container_wrap sidebar_right'   ><div class='container' ><div class='template-page content  av-content-small alpha units'><div class='post-entry post-entry-type-page post-entry-3307'><div class='entry-content-wrapper clearfix'>\n<div style='padding-bottom:15px;color:#000000;font-size:40px;' class='av-special-heading av-special-heading-h1 custom-color-heading blockquote modern-quote   av-inherit-size'><h1 class='av-special-heading-tag'  itemprop=\"headline\"  >Proyecto y actividad<\/h1><div class='special-heading-border'><div class='special-heading-inner-border' style='border-color:#000000'><\/div><\/div><\/div>\n<div style=' margin-top:10px; margin-bottom:10px;'  class='hr hr-custom hr-left hr-icon-no '><span class='hr-inner   inner-border-av-border-fat' style=' width:50px; border-color:#000000;' ><span class='hr-inner-style'><\/span><\/span><\/div>\n<div class=\"flex_column av_one_full  flex_column_div av-zero-column-padding first  \" style='border-radius:0px; '><section class=\"av_textblock_section\"  itemscope=\"itemscope\" itemtype=\"https:\/\/schema.org\/CreativeWork\" ><div class='avia_textblock '   itemprop=\"text\" ><p>La Gesti\u00f3n de <strong>MERCADOS TORRE PACHECO<\/strong>, es una tarea enfocada al buen desarrollo de la actividad mercantil, ofreciendo un buen servicio a los ciudadanos a la vez que unas buenas prestaciones a los mercaderes, que son en definitiva los que tienen el tratamiento\u00a0 directo con los clientes y quienes deben sentir la cercan\u00eda de la empresa gestora en cualquier momento que necesiten solucionar un problema. Su comodidad y bienestar para instalarse en el mercadillo se traslada despu\u00e9s a un buen trato y servicio a los clientes.<\/p>\n<p>El equipo humano de nuestra empresa est\u00e1 formado por ciudadanos de Torre Pacheco,\u00a0 conocemos directamente las necesidades de los mercadillos, por los que queremos trabajar y los que queremos mejorar con la gesti\u00f3n que nos hemos propuesto llevar a cabo.<\/p>\n<p>As\u00ed mismo, nuestros socios tienen amplia experiencia en la gesti\u00f3n de comunidades de propietarios, servicios jur\u00eddicos, gesti\u00f3n de actividades socio culturales, gesti\u00f3n de asociaciones de vecinos y de asociaciones culturales.<\/p>\n<\/div><\/section><\/div>\n<\/div><\/div><\/div><!-- close content main div --><\/div><\/div><div id='after_section_2' class='main_color av_default_container_wrap container_wrap sidebar_right'   ><div class='container' ><div class='template-page content  av-content-small alpha units'><div class='post-entry post-entry-type-page post-entry-3307'><div class='entry-content-wrapper clearfix'>\n<div style='padding-bottom:15px;color:#000000;font-size:40px;' class='av-special-heading av-special-heading-h1 custom-color-heading blockquote modern-quote   av-inherit-size'><h1 class='av-special-heading-tag'  itemprop=\"headline\"  > Metodolog\u00eda y plan de trabajo<\/h1><div class='special-heading-border'><div class='special-heading-inner-border' style='border-color:#000000'><\/div><\/div><\/div>\n<div style=' margin-top:10px; margin-bottom:10px;'  class='hr hr-custom hr-left hr-icon-no '><span class='hr-inner   inner-border-av-border-fat' style=' width:50px; border-color:#000000;' ><span class='hr-inner-style'><\/span><\/span><\/div>\n<\/div><\/div><\/div><!-- close content main div --><\/div><\/div><div id='plugins' class='av-tab-section-container entry-content-wrapper main_color av-tab-slide-transition av-tab-above-content  container_wrap sidebar_right'   ><div class='av-tab-section-outer-container'><div class='av-tab-section-tab-title-container avia-tab-title-padding-none av-custom-tab-color' style='background-color:#ffffff; color:#919191; '><a href='#' data-av-tab-section-title='1' class='av-section-tab-title  av-tab-with-icon av-tab-no-image  '><span class='av-tab-section-icon' aria-hidden='true' data-av_icon='\ue8c6' data-av_iconfont='entypo-fontello'><\/span><span class='av-outer-tab-title'><span class='av-inner-tab-title'>Gestor mercados<\/span><\/span><span class='av-tab-arrow-container'><span><\/span><\/span><\/a><a href='#' data-av-tab-section-title='2' class='av-section-tab-title  av-tab-with-icon av-tab-no-image  '><span class='av-tab-section-icon' aria-hidden='true' data-av_icon='\ue80a' data-av_iconfont='entypo-fontello'><\/span><span class='av-outer-tab-title'><span class='av-inner-tab-title'>Administrador de la Empresa<\/span><\/span><span class='av-tab-arrow-container'><span><\/span><\/span><\/a><a href='#' data-av-tab-section-title='3' class='av-section-tab-title av-active-tab-title av-tab-with-icon av-tab-no-image  '><span class='av-tab-section-icon' aria-hidden='true' data-av_icon='\ue8bb' data-av_iconfont='entypo-fontello'><\/span><span class='av-outer-tab-title'><span class='av-inner-tab-title'>Servicios Jur\u00eddicos<\/span><\/span><span class='av-tab-arrow-container'><span><\/span><\/span><\/a><\/div><div class='av-tab-section-inner-container avia-section-large' style='width:300vw; left:-200%;'><span class='av_prev_tab_section av_tab_navigation'><\/span><span class='av_next_tab_section av_tab_navigation'><\/span>\n<div data-av-tab-section-content=\"1\" class=\"av-layout-tab av-animation-delay-container    \" style='vertical-align:middle; background-color:#35383c; ' data-av-tab-color='#35383c' data-av-tab-bg-color='#35383c' ><div class='av-layout-tab-inner'><div class='container'><p><div class='flex_column_table av-equal-height-column-flextable' ><div class=\"flex_column av_three_fifth  flex_column_table_cell av-equal-height-column av-align-middle av-zero-column-padding first  \" style='border-radius:0px; '><p><div style='padding-bottom:0px;color:#ffffff;font-size:30px;' class='av-special-heading av-special-heading-h1 custom-color-heading blockquote modern-quote   av-inherit-size'><h1 class='av-special-heading-tag'  itemprop=\"headline\"  >Gestor mercados<\/h1><div class='special-heading-border'><div class='special-heading-inner-border' style='border-color:#ffffff'><\/div><\/div><\/div><br \/>\n<div style=' margin-top:30px; margin-bottom:30px;'  class='hr hr-custom hr-left hr-icon-no '><span class='hr-inner   inner-border-av-border-fat' style=' width:50px; border-color:#ffffff;' ><span class='hr-inner-style'><\/span><\/span><\/div><br \/>\n<section class=\"av_textblock_section\"  itemscope=\"itemscope\" itemtype=\"https:\/\/schema.org\/CreativeWork\" ><div class='avia_textblock  av_inherit_color'  style='color:#ffffff; '  itemprop=\"text\" ><p><span class=\"Estilo1\">Todos los mercados, tendr\u00e1n el <strong>apoyo de la persona encargada de la gesti\u00f3n de los mercados<\/strong>, con la finalidad de trabajar en equipo con los mercaderes y que sientan en todo momento la cercan\u00eda\u00a0 de la empresa gestora para la resoluci\u00f3n de cualquier problema, as\u00ed como para la tramitaci\u00f3n de cualquier idea que pueda surgir con la finalidad de mejorar el funcionamiento del mercado y la gesti\u00f3n del cobro de la correspondiente tasa.<\/span><\/p>\n<p align=\"left\"><span class=\"Estilo1\">La gesti\u00f3n se llevar\u00e1 a cabo desde el propio mercado, visitando cada puesto y estando en contacto directo con los mercaderes, interes\u00e1ndonos por sus necesidades, sus demandas, o cualquier otra cuesti\u00f3n relevante para cada uno de ellos y que desde <strong>MERCADOS TORRE PACHECO<\/strong>, podamos solucionar.<\/span><\/p>\n<p align=\"left\"><span class=\"Estilo1\">Controlaremos semanalmente los puestos de los mercaderes, con el fin de que todo est\u00e9 conforme a las reglas establecidas, con el objetivo de ofrecer un buen servicio a nuestros ciudadanos, y evitar incidencias tanto con los clientes como entre los propios mercaderes.<\/span><\/p>\n<\/div><\/section><\/p><\/div><div class='av-flex-placeholder'><\/div><div class=\"flex_column av_two_fifth  flex_column_table_cell av-equal-height-column av-align-middle av-zero-column-padding   \" style='border-radius:0px; '><div class='avia-image-container  av-styling-   avia-align-center '  itemscope=\"itemscope\" itemtype=\"https:\/\/schema.org\/ImageObject\"  ><div class='avia-image-container-inner'><img class='avia_image ' src='https:\/\/mercadostorrepacheco.es\/wp-content\/uploads\/0009407530P-1920x1440.jpg' alt='' title='0009407530P-1920x1440'   itemprop=\"thumbnailUrl\"  \/><\/div><\/div><\/div><\/div><!--close column table wrapper. Autoclose:  --><\/p>\n<\/div><\/div><\/div><div data-av-tab-section-content=\"2\" class=\"av-layout-tab av-animation-delay-container    \" style='vertical-align:middle; background-color:#35383c; ' data-av-tab-color='#35383c' data-av-tab-bg-color='#35383c' ><div class='av-layout-tab-inner'><div class='container'><p><div class='flex_column_table av-equal-height-column-flextable' ><div class=\"flex_column av_two_fifth  flex_column_table_cell av-equal-height-column av-align-middle av-zero-column-padding first  \" style='border-radius:0px; '><div class='avia-image-container  av-styling-   avia-align-center '  itemscope=\"itemscope\" itemtype=\"https:\/\/schema.org\/ImageObject\"  ><div class='avia-image-container-inner'><img class='avia_image ' src='https:\/\/mercadostorrepacheco.es\/wp-content\/uploads\/images21-1024x771.jpg' alt='' title='images21-1024x771'   itemprop=\"thumbnailUrl\"  \/><\/div><\/div><\/div><div class='av-flex-placeholder'><\/div><div class=\"flex_column av_three_fifth  flex_column_table_cell av-equal-height-column av-align-middle av-zero-column-padding   \" style='border-radius:0px; '><p><div style='padding-bottom:0px;color:#ffffff;font-size:30px;' class='av-special-heading av-special-heading-h1 custom-color-heading blockquote modern-quote   av-inherit-size'><h1 class='av-special-heading-tag'  itemprop=\"headline\"  >Administrador de la Empresa<\/h1><div class='special-heading-border'><div class='special-heading-inner-border' style='border-color:#ffffff'><\/div><\/div><\/div><br \/>\n<div style=' margin-top:30px; margin-bottom:30px;'  class='hr hr-custom hr-left hr-icon-no '><span class='hr-inner   inner-border-av-border-fat' style=' width:50px; border-color:#ffffff;' ><span class='hr-inner-style'><\/span><\/span><\/div><br \/>\n<section class=\"av_textblock_section\"  itemscope=\"itemscope\" itemtype=\"https:\/\/schema.org\/CreativeWork\" ><div class='avia_textblock  av_inherit_color'  style='color:#ffffff; '  itemprop=\"text\" ><p>Se encargar\u00e1 del cobro del recibo de las cuotas por la Tasa que se emitir\u00e1n\u00a0 por semestres, siendo emitido el primer recibo en el mes de Enero y el segundo recibo en el mes de Julio.\u00a0 El primer d\u00eda de cada mes correspondiente entregar\u00e1 a los mercaderes el recibo, y contar\u00e1n con 30 d\u00edas naturales para efectuar el pago, as\u00ed mismo tendr\u00e1n la posibilidad de hacerlo mediante transferencia bancaria o bien en efectivo en el propio mercado a la persona encargada de la gesti\u00f3n.\u00a0 Una vez realizado el ingreso, revisada la documentaci\u00f3n preceptiva para la instalaci\u00f3n del puesto y firmada la declaraci\u00f3n responsable, el gestor\u00a0 sellar\u00e1 el carnet, el cual acreditar\u00e1 en todo momento que no tiene deuda pendiente. As\u00ed mismo, se dar\u00e1 cuenta semestral al Ayuntamiento de la gesti\u00f3n de cobro que se ha realizado (art. 6.1 B).9 del Pliego de Cl\u00e1usulas T\u00e9cnicas y Administrativas).<\/p>\n<\/div><\/section><\/p><\/div><\/div><!--close column table wrapper. Autoclose:  --><\/p>\n<\/div><\/div><\/div><div data-av-tab-section-content=\"3\" class=\"av-layout-tab av-animation-delay-container    \" style='vertical-align:middle; background-color:#35383c; ' data-av-tab-color='#35383c' data-av-tab-bg-color='#35383c' ><div class='av-layout-tab-inner'><div class='container'><p><div class='flex_column_table av-equal-height-column-flextable' ><div class=\"flex_column av_three_fifth  flex_column_table_cell av-equal-height-column av-align-middle av-zero-column-padding first  \" style='border-radius:0px; '><p><div style='padding-bottom:0px;color:#ffffff;font-size:30px;' class='av-special-heading av-special-heading-h1 custom-color-heading blockquote modern-quote   av-inherit-size'><h1 class='av-special-heading-tag'  itemprop=\"headline\"  >Servicios Jur\u00eddicos<\/h1><div class='special-heading-border'><div class='special-heading-inner-border' style='border-color:#ffffff'><\/div><\/div><\/div><br \/>\n<div style=' margin-top:30px; margin-bottom:30px;'  class='hr hr-custom hr-left hr-icon-no '><span class='hr-inner   inner-border-av-border-fat' style=' width:50px; border-color:#ffffff;' ><span class='hr-inner-style'><\/span><\/span><\/div><br \/>\n<section class=\"av_textblock_section\"  itemscope=\"itemscope\" itemtype=\"https:\/\/schema.org\/CreativeWork\" ><div class='avia_textblock  av_inherit_color'  style='color:#ffffff; '  itemprop=\"text\" ><p>El administrador cuenta con el respaldo del servicio jur\u00eddico ofrecido por nuestro socio D. Mario Saura Gonz\u00e1lez, letrado, para la gesti\u00f3n jur\u00eddica de cualquier problema que pueda surgir en el desarrollo de la actividad, as\u00ed como de los impagos que se produzcan.<\/p>\n<\/div><\/section><\/p><\/div><div class='av-flex-placeholder'><\/div><div class=\"flex_column av_two_fifth  flex_column_table_cell av-equal-height-column av-align-middle av-zero-column-padding   \" style='border-radius:0px; '><div class='avia-image-container  av-styling-   avia-align-center '  itemscope=\"itemscope\" itemtype=\"https:\/\/schema.org\/ImageObject\"  ><div class='avia-image-container-inner'><img class='avia_image ' src='https:\/\/mercadostorrepacheco.es\/wp-content\/uploads\/advocats.jpg' alt='' title='advocats'   itemprop=\"thumbnailUrl\"  \/><\/div><\/div><\/div><\/div><!--close column table wrapper. Autoclose:  --><\/p>\n<\/div><\/div><\/div>\n<\/div><\/div><\/div>\n<\/div><\/div><\/div><!-- close content main div --><\/div><\/div><div id='av_section_3' class='avia-section main_color avia-section-large avia-no-border-styling avia-bg-style-scroll  container_wrap sidebar_right'   ><div class='container' ><div class='template-page content  av-content-small alpha units'><div class='post-entry post-entry-type-page post-entry-3307'><div class='entry-content-wrapper clearfix'>\n<div style='padding-bottom:0px;font-size:40px;' class='av-special-heading av-special-heading-h2  blockquote modern-quote  av-inherit-size'><h2 class='av-special-heading-tag'  itemprop=\"headline\"  >Objetivos<\/h2><div class='special-heading-border'><div class='special-heading-inner-border' ><\/div><\/div><\/div>\n<div style=' margin-top:10px; margin-bottom:10px;'  class='hr hr-custom hr-left hr-icon-no '><span class='hr-inner   inner-border-av-border-fat' style=' width:50px; border-color:#000000;' ><span class='hr-inner-style'><\/span><\/span><\/div>\n<div class=\"flex_column av_one_half  flex_column_div av-zero-column-padding first  \" style='border-radius:0px; '><section class=\"av_textblock_section\"  itemscope=\"itemscope\" itemtype=\"https:\/\/schema.org\/CreativeWork\" ><div class='avia_textblock '   itemprop=\"text\" ><ul type=\"disc\">\n<li class=\"Estilo1\">Planificaci\u00f3n de los mercados.<\/li>\n<li class=\"Estilo1\">Oferta de ampliaci\u00f3n de metros a los puestos que lo necesiten.<\/li>\n<li class=\"Estilo1\">Se\u00f1alizaci\u00f3n y repintado de los puestos por m\u00f3dulos de 3 metros.<\/li>\n<li class=\"Estilo1\">Elaboraci\u00f3n de planos detallados de todos los mercados.<\/li>\n<li class=\"Estilo1\">Elaboraci\u00f3n de carnets identificativos<\/li>\n<li class=\"Estilo1\">Introducci\u00f3n de un \u00e1rea recreativa en las zonas anexas al mercado<\/li>\n<li class=\"Estilo1\">Oferta de puestos innovadores para atraer nuevos clientes.<\/li>\n<\/ul>\n<\/div><\/section><\/div><div class=\"flex_column av_one_half  flex_column_div av-zero-column-padding   \" style='border-radius:0px; '><section class=\"av_textblock_section\"  itemscope=\"itemscope\" itemtype=\"https:\/\/schema.org\/CreativeWork\" ><div class='avia_textblock '   itemprop=\"text\" ><ul type=\"disc\">\n<li class=\"Estilo1\">Control de puestos semanalmente.<\/li>\n<li class=\"Estilo1\">Control de impagados aplicando las sanciones correspondientes.<\/li>\n<li class=\"Estilo1\">Control de Alta de Aut\u00f3nomos y Seguro de Responsabilidad Civil.<\/li>\n<li class=\"Estilo1\">Posibilidad de ofrecer puestos a nuevos mercaderes.<\/li>\n<li class=\"Estilo1\">Control de puestos vacantes.<\/li>\n<li class=\"Estilo1\">Reuniones anuales con el Delegado de Gobierno.<\/li>\n<\/ul>\n<\/div><\/section><\/div><section class=\"av_textblock_section\"  itemscope=\"itemscope\" itemtype=\"https:\/\/schema.org\/CreativeWork\" ><div class='avia_textblock '   itemprop=\"text\" ><p>Todo nuestro proyecto empresarial, nace con el objetivo de poder ofrecer a nuestros vecinos, unos mercados semanales con una amplia oferta de servicios y productos con la finalidad de mejorarlo cada d\u00eda, de manera que llegue a ser un lugar de compras y ocio, donde poder pasear\u00a0 a la vez que nuestros hijos se divierten, trabajaremos directamente con los mercaderes, escuchando sus propuestas y trabajando en equipo, conseguiremos tener un mercado innovador, atendiendo las necesidades de nuestros vecinos a la vez que atraiga nuevos clientes por su amplia variedad de productos y servicios.<\/p>\n<\/div><\/section>\n<\/div><\/div><\/div><!-- close content main div --><\/div><\/div><div id='after_section_3' class='main_color av_default_container_wrap container_wrap sidebar_right'   ><div class='container' ><div class='template-page content  av-content-small alpha units'><div class='post-entry post-entry-type-page post-entry-3307'><div class='entry-content-wrapper clearfix'>\n<\/div><\/div><\/div><!-- close content main div --><\/div><\/div><div id='av_section_4' class='avia-section main_color avia-section-huge avia-no-border-styling avia-full-stretch av-section-color-overlay-active avia-bg-style-fixed  container_wrap sidebar_right' style = 'background-repeat: no-repeat; background-image: url(https:\/\/mercadostorrepacheco.es\/wp-content\/uploads\/image-2-about-organiz.png); background-attachment: fixed; background-position: center center; ' data-section-bg-repeat='stretch' ><div class='av-section-color-overlay-wrap'><div class='av-section-color-overlay' style='opacity: 0.8; background-color: #000000; '><\/div><div class='container' ><div class='template-page content  av-content-small alpha units'><div class='post-entry post-entry-type-page post-entry-3307'><div class='entry-content-wrapper clearfix'>\n<div class=\"flex_column av_one_full  flex_column_div av-zero-column-padding first  \" style='border-radius:0px; '><p><div style='padding-bottom:20px;color:#ffffff;font-size:40px;' class='av-special-heading av-special-heading-h2 custom-color-heading blockquote modern-quote modern-centered  av-inherit-size'><h2 class='av-special-heading-tag'  itemprop=\"headline\"  >Normas de funcionamiento de los mercados<\/h2><div class='special-heading-border'><div class='special-heading-inner-border' style='border-color:#ffffff'><\/div><\/div><\/div><br \/>\n<section class=\"av_textblock_section\"  itemscope=\"itemscope\" itemtype=\"https:\/\/schema.org\/CreativeWork\" ><div class='avia_textblock  av_inherit_color'  style='color:#ffffff; '  itemprop=\"text\" ><ul type=\"disc\">\n<li class=\"Estilo1\">La p\u00e9rdida del m\u00f3dulo en el mercado lo decidir\u00e1 la empresa gestora del mercado, con autorizaci\u00f3n del Ayuntamiento en los supuestos de impago de la tasa \u00f3 en cualquier otro supuesto regulado en la Ordenanza Municipal y la Legislaci\u00f3n aplicable. As\u00ed mismo, la inasistencia injustificada durante 5 semanas consecutivas podr\u00e1 dar lugar a la p\u00e9rdida del m\u00f3dulo en el mercado.<\/li>\n<\/ul>\n<ul>\n<li class=\"Estilo1\">Los m\u00f3dulos vacantes se adjudicar\u00e1n por la empresa gestora seg\u00fan antig\u00fcedad, y controlando siempre las condiciones del vendedor.<\/li>\n<\/ul>\n<ul>\n<li class=\"Estilo1\">El vendedor perder\u00e1 el m\u00f3dulo y pasar\u00e1 a disposici\u00f3n de la empresa gestora si no realiza el pago dentro de los plazos establecidos.<\/li>\n<\/ul>\n<ul>\n<li class=\"Estilo1\">La documentaci\u00f3n exigida al titular del m\u00f3dulo tiene que estar en posesi\u00f3n del mismo para la realizaci\u00f3n de la venta ambulante.<\/li>\n<\/ul>\n<p class=\"Estilo1\"><strong>Es obligatorio y se exigir\u00e1 como m\u00ednimo anualmente:<\/strong><\/p>\n<blockquote>\n<p class=\"Estilo1\">a) 1 <strong>fotograf\u00eda<\/strong><\/p>\n<p class=\"Estilo1\">b)<strong> D.N.I. del interesado y del Colaborador caso de haberlo.<\/strong> Si el interesado no es miembro de la U.E., Permiso de residencia y trabajo conforme a la normativa vigente.<\/p>\n<p>c)<strong> El interesado firmar\u00e1 una Declaraci\u00f3n Responsable<\/strong> que autorice a la Empresa a comprobar el cumplimiento de los requisitos establecidos en el R.D. 199\/2010, de 26 de febrero.<\/p>\n<p class=\"Estilo1\">d) <strong>Certificados expedidos tanto por la Agencia Tributaria, <\/strong>acreditando estar dado de alta en el ep\u00edgrafe correspondiente del I.A.E. y al corriente del pago de la tarifa, o en caso de estar exentos, estar dado de alta en el Censo de Obligados Tributarios, como de la Tesorer\u00eda General de la Seguridad Social de estar al corriente de las cotizaciones de la Seguridad Social.<\/p>\n<p>e) <strong>En el supuesto de ejercer la venta de productos alimenticios<\/strong>: Carnet de manipulador de alimentos y autorizaci\u00f3n sanitaria expedida por la Direcci\u00f3n General de Salud P\u00fablica.<\/p>\n<p>f) <strong>El solicitante deber\u00e1 estar al corriente de las obligaciones tributarias municipales<\/strong>. Incluyendo el pago de la tasa para poder establecerse en el mercadillo semanal. El pago de la tasa deber\u00e1 ser acreditado en funci\u00f3n de si existe \u00f3 no fraccionamiento de su pago anual en el momento de cada pago.<\/p>\n<\/blockquote>\n<ul>\n<li class=\"Estilo1\"><strong>Los m\u00f3dulos vacantes en la zona de fruta y hortaliza, <\/strong>\u00fanicamente ser\u00e1n ocupados por puestos de las mismas caracter\u00edsticas, alimentaci\u00f3n etc\u2026.<\/li>\n<\/ul>\n<ul>\n<li class=\"Estilo1\"><strong>La empresa gestora podr\u00e1 cambiar el lugar de alg\u00fan vendedor, <\/strong>con la finalidad de mejorar la estructura del mercado, siempre de forma razonada por escrito y en coordinaci\u00f3n con la Concejal\u00eda correspondiente.<\/li>\n<\/ul>\n<ul>\n<li class=\"Estilo1\"><strong>El mercado se realizar\u00e1 en los d\u00edas acordados y en las horas establecidas<\/strong> y ser\u00e1n modificados seg\u00fan decisi\u00f3n de la empresa gestora o del Ayuntamiento, notific\u00e1ndose siempre con 10 d\u00edas de antelaci\u00f3n. Nos referimos a los casos en los que el d\u00eda del mercado sea festivo \u00f3 que por cualquier otro motivo sea necesario reubicar \u00f3 cambiar la fecha del mercado semanal.<\/li>\n<\/ul>\n<ul>\n<li class=\"Estilo1\"><strong>El cuidado de la limpieza del puesto ser\u00e1 del titular, <\/strong>los cartones y bolsas empaquetadas, as\u00ed como los restos de frutas, se depositar\u00e1n en los contenedores.<\/li>\n<\/ul>\n<ul>\n<li class=\"Estilo1\">Los conflictos surgidos entre vendedores, se estudiaran minuciosamente, pudiendo ocasionar la p\u00e9rdida del m\u00f3dulo, si se considerase oportuno.<\/li>\n<li class=\"Estilo1\">Los m\u00f3dulos vacantes por falta de asistencia, ser\u00e1n ocupados por decisi\u00f3n de la empresa gestora a partir de las 9 horas en los mercados que se celebren por las ma\u00f1anas y a partir de las 17 horas en los mercados que se celebren por las tardes.<\/li>\n<\/ul>\n<ul>\n<li><span class=\"Estilo1\"><strong>Los pagos se realizar\u00e1n semestralmente<\/strong> y se har\u00e1n efectivos los meses de Enero y Julio, presentando para ello la documentaci\u00f3n solicitada por la empresa gestora. Disposici\u00f3n Adicional Primera de la Ordenanza Municipal.<\/span><\/li>\n<\/ul>\n<ul>\n<li><span class=\"Estilo1\">Los gestores del mercado controlar\u00e1n la exposici\u00f3n de la tarjeta del titular del m\u00f3dulo, expuesta en sitio visible. <\/span><\/li>\n<\/ul>\n<ul>\n<li><span class=\"Estilo1\">La Polic\u00eda Local tomar\u00e1 medidas legales contra los \u201cmanteros\u201d o puestos ilegales, la empresa gestora se compromete a poner en conocimiento de las autoridades policiales inmediatamente todas las pr\u00e1cticas irregulares tanto que afecten a la seguridad p\u00fablica, a la seguridad sanitaria \u00f3 a la salud p\u00fablica que se produzcan en los mercados semanales.<\/span><\/li>\n<\/ul>\n<\/div><\/section><\/p><\/div>\n<\/div><\/div><\/div><!-- close content main div --><\/div><\/div><\/div><div id='after_section_4' class='main_color av_default_container_wrap container_wrap sidebar_right'   ><div class='container' ><div class='template-page content  av-content-small alpha units'><div class='post-entry post-entry-type-page post-entry-3307'><div class='entry-content-wrapper clearfix'>\n","protected":false},"excerpt":{"rendered":"","protected":false},"author":1,"featured_media":0,"parent":0,"menu_order":0,"comment_status":"closed","ping_status":"closed","template":"","meta":{"_monsterinsights_skip_tracking":false,"_monsterinsights_sitenote_active":false,"_monsterinsights_sitenote_note":"","_monsterinsights_sitenote_category":0,"footnotes":""},"_links":{"self":[{"href":"https:\/\/mercadostorrepacheco.es\/index.php\/wp-json\/wp\/v2\/pages\/3307"}],"collection":[{"href":"https:\/\/mercadostorrepacheco.es\/index.php\/wp-json\/wp\/v2\/pages"}],"about":[{"href":"https:\/\/mercadostorrepacheco.es\/index.php\/wp-json\/wp\/v2\/types\/page"}],"author":[{"embeddable":true,"href":"https:\/\/mercadostorrepacheco.es\/index.php\/wp-json\/wp\/v2\/users\/1"}],"replies":[{"embeddable":true,"href":"https:\/\/mercadostorrepacheco.es\/index.php\/wp-json\/wp\/v2\/comments?post=3307"}],"version-history":[{"count":20,"href":"https:\/\/mercadostorrepacheco.es\/index.php\/wp-json\/wp\/v2\/pages\/3307\/revisions"}],"predecessor-version":[{"id":3400,"href":"https:\/\/mercadostorrepacheco.es\/index.php\/wp-json\/wp\/v2\/pages\/3307\/revisions\/3400"}],"wp:attachment":[{"href":"https:\/\/mercadostorrepacheco.es\/index.php\/wp-json\/wp\/v2\/media?parent=3307"}],"curies":[{"name":"wp","href":"https:\/\/api.w.org\/{rel}","templated":true}]}}