{"id":3548,"date":"2017-06-06T17:29:31","date_gmt":"2017-06-06T17:29:31","guid":{"rendered":"http:\/\/mercadostorrepacheco.es\/boceto\/?page_id=3548"},"modified":"2017-06-30T11:42:23","modified_gmt":"2017-06-30T11:42:23","slug":"san-cayetano","status":"publish","type":"page","link":"http:\/\/mercadostorrepacheco.es\/index.php\/san-cayetano\/","title":{"rendered":"San Cayetano"},"content":{"rendered":"<\/div><\/div><\/div><!-- close content main div --><\/div><\/div><div id='av_section_1' class='avia-section main_color avia-section-large avia-no-border-styling avia-bg-style-scroll  container_wrap sidebar_right'   ><div class='container' ><div class='template-page content  av-content-small alpha units'><div class='post-entry post-entry-type-page post-entry-3548'><div class='entry-content-wrapper clearfix'>\n<div style='padding-bottom:20px;font-size:40px;' class='av-special-heading av-special-heading-h2  blockquote modern-quote   av-inherit-size'><h2 class='av-special-heading-tag'  itemprop=\"headline\"  >San Cayetano<\/h2><div class='special-heading-border'><div class='special-heading-inner-border' ><\/div><\/div><\/div>\n<div class=\"flex_column av_two_third  flex_column_div av-zero-column-padding first  \" style='border-radius:0px; '><div  data-size='featured_large'  data-lightbox_size='large'  data-animation='slide'  data-ids='3620,3622,3624,3626,3627,3629,3631,3633,3635,3636,3638,3640,3642,3643,3645,3647,3649,3650,3651,3652,3653,3654,3655,3656,3657,3658,3659,3661,3662,3663,3664,3665,3666,3667'  data-video_counter='0'  data-autoplay='true'  data-bg_slider='false'  data-slide_height=''  data-handle='av_slideshow'  data-interval='5'  data-class=''  data-css_id=''  data-scroll_down=''  data-control_layout='av-control-default'  data-custom_markup=''  data-perma_caption=''  data-autoplay_stopper=''  data-image_attachment=''  data-min_height='0px'  data-default-height='42'  class='avia-slideshow avia-slideshow-1  av-control-default av-default-height-applied avia-slideshow-featured_large av_slideshow  avia-slide-slider '  itemscope=\"itemscope\" itemtype=\"https:\/\/schema.org\/ImageObject\" ><ul class='avia-slideshow-inner' style='padding-bottom: 75%;'><li  class=' slide-1 ' ><div data-rel='slideshow-1' class='avia-slide-wrap'  ><img src='http:\/\/mercadostorrepacheco.es\/wp-content\/uploads\/sc-1.jpg' width='800' height='600' title='sc-1' alt=''  itemprop=\"thumbnailUrl\"   \/><\/div><\/li><li  class=' slide-2 ' ><div data-rel='slideshow-1' class='avia-slide-wrap'  ><img src='http:\/\/mercadostorrepacheco.es\/wp-content\/uploads\/sc-2.jpg' width='800' height='600' title='sc-2' alt=''  itemprop=\"thumbnailUrl\"   \/><\/div><\/li><li  class=' slide-3 ' ><div data-rel='slideshow-1' class='avia-slide-wrap'  ><img src='http:\/\/mercadostorrepacheco.es\/wp-content\/uploads\/sc-3.jpg' width='800' height='600' title='sc-3' alt=''  itemprop=\"thumbnailUrl\"   \/><\/div><\/li><li  class=' slide-4 ' ><div data-rel='slideshow-1' class='avia-slide-wrap'  ><img src='http:\/\/mercadostorrepacheco.es\/wp-content\/uploads\/sc-4.jpg' width='800' height='600' title='sc-4' alt=''  itemprop=\"thumbnailUrl\"   \/><\/div><\/li><li  class=' slide-5 ' ><div data-rel='slideshow-1' class='avia-slide-wrap'  ><img src='http:\/\/mercadostorrepacheco.es\/wp-content\/uploads\/sc-5.jpg' width='800' height='600' title='sc-5' alt=''  itemprop=\"thumbnailUrl\"   \/><\/div><\/li><li  class=' slide-6 ' ><div data-rel='slideshow-1' class='avia-slide-wrap'  ><img src='http:\/\/mercadostorrepacheco.es\/wp-content\/uploads\/sc-6.jpg' width='800' height='600' title='sc-6' alt=''  itemprop=\"thumbnailUrl\"   \/><\/div><\/li><li  class=' slide-7 ' ><div data-rel='slideshow-1' class='avia-slide-wrap'  ><img src='http:\/\/mercadostorrepacheco.es\/wp-content\/uploads\/sc-7.jpg' width='800' height='600' title='sc-7' alt=''  itemprop=\"thumbnailUrl\"   \/><\/div><\/li><li  class=' slide-8 ' ><div data-rel='slideshow-1' class='avia-slide-wrap'  ><img src='http:\/\/mercadostorrepacheco.es\/wp-content\/uploads\/sc-8.jpg' width='800' height='600' title='sc-8' alt=''  itemprop=\"thumbnailUrl\"   \/><\/div><\/li><li  class=' slide-9 ' ><div data-rel='slideshow-1' class='avia-slide-wrap'  ><img src='http:\/\/mercadostorrepacheco.es\/wp-content\/uploads\/sc-9.jpg' width='800' height='600' title='sc-9' alt=''  itemprop=\"thumbnailUrl\"   \/><\/div><\/li><li  class=' slide-10 ' ><div data-rel='slideshow-1' class='avia-slide-wrap'  ><img src='http:\/\/mercadostorrepacheco.es\/wp-content\/uploads\/sc-10.jpg' width='800' height='600' title='sc-10' alt=''  itemprop=\"thumbnailUrl\"   \/><\/div><\/li><li  class=' slide-11 ' ><div data-rel='slideshow-1' class='avia-slide-wrap'  ><img src='http:\/\/mercadostorrepacheco.es\/wp-content\/uploads\/sc-11.jpg' width='800' height='600' title='sc-11' alt=''  itemprop=\"thumbnailUrl\"   \/><\/div><\/li><li  class=' slide-12 ' ><div data-rel='slideshow-1' class='avia-slide-wrap'  ><img src='http:\/\/mercadostorrepacheco.es\/wp-content\/uploads\/sc-12.jpg' width='800' height='600' title='sc-12' alt=''  itemprop=\"thumbnailUrl\"   \/><\/div><\/li><li  class=' slide-13 ' ><div data-rel='slideshow-1' class='avia-slide-wrap'  ><img src='http:\/\/mercadostorrepacheco.es\/wp-content\/uploads\/sc-13.jpg' width='800' height='600' title='sc-13' alt=''  itemprop=\"thumbnailUrl\"   \/><\/div><\/li><li  class=' slide-14 ' ><div data-rel='slideshow-1' class='avia-slide-wrap'  ><img src='http:\/\/mercadostorrepacheco.es\/wp-content\/uploads\/sc-14.jpg' width='800' height='600' title='sc-14' alt=''  itemprop=\"thumbnailUrl\"   \/><\/div><\/li><li  class=' slide-15 ' ><div data-rel='slideshow-1' class='avia-slide-wrap'  ><img src='http:\/\/mercadostorrepacheco.es\/wp-content\/uploads\/sc-15.jpg' width='800' height='600' title='sc-15' alt=''  itemprop=\"thumbnailUrl\"   \/><\/div><\/li><li  class=' slide-16 ' ><div data-rel='slideshow-1' class='avia-slide-wrap'  ><img src='http:\/\/mercadostorrepacheco.es\/wp-content\/uploads\/sc-16.jpg' width='800' height='600' title='sc-16' alt=''  itemprop=\"thumbnailUrl\"   \/><\/div><\/li><li  class=' slide-17 ' ><div data-rel='slideshow-1' class='avia-slide-wrap'  ><img src='http:\/\/mercadostorrepacheco.es\/wp-content\/uploads\/sc-17.jpg' width='800' height='600' title='sc-17' alt=''  itemprop=\"thumbnailUrl\"   \/><\/div><\/li><li  class=' slide-18 ' ><div data-rel='slideshow-1' class='avia-slide-wrap'  ><img src='http:\/\/mercadostorrepacheco.es\/wp-content\/uploads\/sc-18.jpg' width='800' height='600' title='sc-18' alt=''  itemprop=\"thumbnailUrl\"   \/><\/div><\/li><li  class=' slide-19 ' ><div data-rel='slideshow-1' class='avia-slide-wrap'  ><img src='http:\/\/mercadostorrepacheco.es\/wp-content\/uploads\/sc-19.jpg' width='800' height='600' title='sc-19' alt=''  itemprop=\"thumbnailUrl\"   \/><\/div><\/li><li  class=' slide-20 ' ><div data-rel='slideshow-1' class='avia-slide-wrap'  ><img src='http:\/\/mercadostorrepacheco.es\/wp-content\/uploads\/sc-20.jpg' width='800' height='600' title='sc-20' alt=''  itemprop=\"thumbnailUrl\"   \/><\/div><\/li><li  class=' slide-21 ' ><div data-rel='slideshow-1' class='avia-slide-wrap'  ><img src='http:\/\/mercadostorrepacheco.es\/wp-content\/uploads\/sc-21.jpg' width='800' height='600' title='sc-21' alt=''  itemprop=\"thumbnailUrl\"   \/><\/div><\/li><li  class=' slide-22 ' ><div data-rel='slideshow-1' class='avia-slide-wrap'  ><img src='http:\/\/mercadostorrepacheco.es\/wp-content\/uploads\/sc-22.jpg' width='800' height='600' title='sc-22' alt=''  itemprop=\"thumbnailUrl\"   \/><\/div><\/li><li  class=' slide-23 ' ><div data-rel='slideshow-1' class='avia-slide-wrap'  ><img src='http:\/\/mercadostorrepacheco.es\/wp-content\/uploads\/sc-23.jpg' width='800' height='600' title='sc-23' alt=''  itemprop=\"thumbnailUrl\"   \/><\/div><\/li><li  class=' slide-24 ' ><div data-rel='slideshow-1' class='avia-slide-wrap'  ><img src='http:\/\/mercadostorrepacheco.es\/wp-content\/uploads\/sc-24.jpg' width='800' height='600' title='sc-24' alt=''  itemprop=\"thumbnailUrl\"   \/><\/div><\/li><li  class=' slide-25 ' ><div data-rel='slideshow-1' class='avia-slide-wrap'  ><img src='http:\/\/mercadostorrepacheco.es\/wp-content\/uploads\/sc-25.jpg' width='800' height='600' title='sc-25' alt=''  itemprop=\"thumbnailUrl\"   \/><\/div><\/li><li  class=' slide-26 ' ><div data-rel='slideshow-1' class='avia-slide-wrap'  ><img src='http:\/\/mercadostorrepacheco.es\/wp-content\/uploads\/sc-26.jpg' width='800' height='600' title='sc-26' alt=''  itemprop=\"thumbnailUrl\"   \/><\/div><\/li><li  class=' slide-27 ' ><div data-rel='slideshow-1' class='avia-slide-wrap'  ><img src='http:\/\/mercadostorrepacheco.es\/wp-content\/uploads\/sc-27.jpg' width='800' height='600' title='sc-27' alt=''  itemprop=\"thumbnailUrl\"   \/><\/div><\/li><li  class=' slide-28 ' ><div data-rel='slideshow-1' class='avia-slide-wrap'  ><img src='http:\/\/mercadostorrepacheco.es\/wp-content\/uploads\/sc-28.jpg' width='800' height='600' title='sc-28' alt=''  itemprop=\"thumbnailUrl\"   \/><\/div><\/li><li  class=' slide-29 ' ><div data-rel='slideshow-1' class='avia-slide-wrap'  ><img src='http:\/\/mercadostorrepacheco.es\/wp-content\/uploads\/sc-29.jpg' width='800' height='600' title='sc-29' alt=''  itemprop=\"thumbnailUrl\"   \/><\/div><\/li><li  class=' slide-30 ' ><div data-rel='slideshow-1' class='avia-slide-wrap'  ><img src='http:\/\/mercadostorrepacheco.es\/wp-content\/uploads\/sc-30.jpg' width='800' height='600' title='sc-30' alt=''  itemprop=\"thumbnailUrl\"   \/><\/div><\/li><li  class=' slide-31 ' ><div data-rel='slideshow-1' class='avia-slide-wrap'  ><img src='http:\/\/mercadostorrepacheco.es\/wp-content\/uploads\/sc-31.jpg' width='800' height='600' title='sc-31' alt=''  itemprop=\"thumbnailUrl\"   \/><\/div><\/li><li  class=' slide-32 ' ><div data-rel='slideshow-1' class='avia-slide-wrap'  ><img src='http:\/\/mercadostorrepacheco.es\/wp-content\/uploads\/sc-32.jpg' width='800' height='600' title='sc-32' alt=''  itemprop=\"thumbnailUrl\"   \/><\/div><\/li><li  class=' slide-33 ' ><div data-rel='slideshow-1' class='avia-slide-wrap'  ><img src='http:\/\/mercadostorrepacheco.es\/wp-content\/uploads\/sc-33.jpg' width='800' height='600' title='sc-33' alt=''  itemprop=\"thumbnailUrl\"   \/><\/div><\/li><li  class=' slide-34 ' ><div data-rel='slideshow-1' class='avia-slide-wrap'  ><img src='http:\/\/mercadostorrepacheco.es\/wp-content\/uploads\/sc-34.jpg' width='800' height='600' title='sc-34' alt=''  itemprop=\"thumbnailUrl\"   \/><\/div><\/li><\/ul><div class='avia-slideshow-arrows avia-slideshow-controls'><a href='#prev' class='prev-slide' aria-hidden='true' data-av_icon='\ue87c' data-av_iconfont='entypo-fontello'>Anterior<\/a><a href='#next' class='next-slide' aria-hidden='true' data-av_icon='\ue87d' data-av_iconfont='entypo-fontello'>Posterior<\/a><\/div><div class='avia-slideshow-dots avia-slideshow-controls'><a href='#1' class='goto-slide active' >1<\/a><a href='#2' class='goto-slide ' >2<\/a><a href='#3' class='goto-slide ' >3<\/a><a href='#4' class='goto-slide ' >4<\/a><a href='#5' class='goto-slide ' >5<\/a><a href='#6' class='goto-slide ' >6<\/a><a href='#7' class='goto-slide ' >7<\/a><a href='#8' class='goto-slide ' >8<\/a><a href='#9' class='goto-slide ' >9<\/a><a href='#10' class='goto-slide ' >10<\/a><a href='#11' class='goto-slide ' >11<\/a><a href='#12' class='goto-slide ' >12<\/a><a href='#13' class='goto-slide ' >13<\/a><a href='#14' class='goto-slide ' >14<\/a><a href='#15' class='goto-slide ' >15<\/a><a href='#16' class='goto-slide ' >16<\/a><a href='#17' class='goto-slide ' >17<\/a><a href='#18' class='goto-slide ' >18<\/a><a href='#19' class='goto-slide ' >19<\/a><a href='#20' class='goto-slide ' >20<\/a><a href='#21' class='goto-slide ' >21<\/a><a href='#22' class='goto-slide ' >22<\/a><a href='#23' class='goto-slide ' >23<\/a><a href='#24' class='goto-slide ' >24<\/a><a href='#25' class='goto-slide ' >25<\/a><a href='#26' class='goto-slide ' >26<\/a><a href='#27' class='goto-slide ' >27<\/a><a href='#28' class='goto-slide ' >28<\/a><a href='#29' class='goto-slide ' >29<\/a><a href='#30' class='goto-slide ' >30<\/a><a href='#31' class='goto-slide ' >31<\/a><a href='#32' class='goto-slide ' >32<\/a><a href='#33' class='goto-slide ' >33<\/a><a href='#34' class='goto-slide ' >34<\/a><\/div><\/div><\/div><div class=\"flex_column av_one_third  flex_column_div av-zero-column-padding   \" style='border-radius:0px; '><section class=\"av_textblock_section\"  itemscope=\"itemscope\" itemtype=\"https:\/\/schema.org\/CreativeWork\" ><div class='avia_textblock '   itemprop=\"text\" ><table border=\"0\" width=\"100%\" cellspacing=\"0\" cellpadding=\"0\">\n<tbody>\n<tr>\n<td align=\"left\" width=\"43%\"><span class=\"Estilo21\">N.\u00ba de puestos:<\/span><\/td>\n<td align=\"left\" width=\"57%\"><span class=\"Estilo20\">15<\/span><\/td>\n<\/tr>\n<tr>\n<td align=\"left\"><span class=\"Estilo21\">Tipo de mercado:<\/span><\/td>\n<td align=\"left\"><span class=\"Estilo20\">Variado<\/span><\/td>\n<\/tr>\n<tr>\n<td align=\"left\" height=\"19\"><span class=\"Estilo21\">D\u00eda de la semana:<\/span><\/td>\n<td align=\"left\"><span class=\"Estilo20\">Mi\u00e9rcoles<\/span><\/td>\n<\/tr>\n<tr>\n<td align=\"left\" height=\"19\"><span class=\"Estilo21\">Hora de inicio:<\/span><\/td>\n<td align=\"left\"><span class=\"Estilo20\">06.00 h.<\/span><\/td>\n<\/tr>\n<tr>\n<td align=\"left\" height=\"19\"><span class=\"Estilo21\">N.\u00ba de finalizaci\u00f3n:<\/span><\/td>\n<td align=\"left\"><span class=\"Estilo20\">15.00 h.<\/span><\/td>\n<\/tr>\n<tr>\n<td align=\"left\" height=\"19\"><span class=\"Estilo21\">Ubicaci\u00f3n:<\/span><\/td>\n<td align=\"left\"><\/td>\n<\/tr>\n<tr>\n<td colspan=\"2\" align=\"left\" height=\"10\">Plaza Nicol\u00e1s de las Pe\u00f1as<\/td>\n<\/tr>\n<\/tbody>\n<\/table>\n<\/div><\/section><\/div><div class=\"flex_column av_one_half  flex_column_div av-zero-column-padding first  \" style='border-radius:0px; '><p><div style='padding-bottom:0px;font-size:40px;' class='av-special-heading av-special-heading-h2  blockquote modern-quote   av-inherit-size'><h2 class='av-special-heading-tag'  itemprop=\"headline\"  >Plano de situaci\u00f3n<\/h2><div class='special-heading-border'><div class='special-heading-inner-border' ><\/div><\/div><\/div><br \/>\n<div id='av_gmap_1' class='avia-google-map-container' data-mapid='1' style='height: 400px;'><\/div><\/p><\/div><div class=\"flex_column av_one_half  flex_column_div av-zero-column-padding   \" style='border-radius:0px; '><p><div style='padding-bottom:0px;font-size:40px;' class='av-special-heading av-special-heading-h2  blockquote modern-quote   av-inherit-size'><h2 class='av-special-heading-tag'  itemprop=\"headline\"  >Comentarios<\/h2><div class='special-heading-border'><div class='special-heading-inner-border' ><\/div><\/div><\/div><br \/>\n<section class=\"av_textblock_section\"  itemscope=\"itemscope\" itemtype=\"https:\/\/schema.org\/CreativeWork\" ><div class='avia_textblock '   itemprop=\"text\" ><div>El Mercado semanal se realiza los mi\u00e9rcoles por la ma\u00f1ana y se encuentra ubicado en \u00a0Calle Guti\u00e9rrez Mellado. Se distribuyen en m\u00f3dulos de 6, 9 y 12 metros, respetando las entradas de las cafeter\u00edas ubicadas en dicha calle.<\/div>\n<div>Actualmente asisten al mercado semanal 15 mercaderes.<\/div>\n<div><\/div>\n<div>Mercado semanal con varias d\u00e9cadas de historia.<\/div>\n<div>Entre la oferta que tienen los mercaderes se encuentran los siguientes productos: frutas y hortalizas, productos c\u00e1rnicos, salazones, frutos secos, productos de panader\u00eda y pasteler\u00eda, puestos de tejidos (prendas textiles y tejidos), menaje y hogar, productos cosm\u00e9ticos y para el ba\u00f1o, plantas y flores, art\u00edculos de regalo (relojes, gafas, juguetes), as\u00ed como bisuter\u00eda y calzado.<\/div>\n<div>El mercado se celebra todos los mi\u00e9rcoles por la ma\u00f1ana del a\u00f1o (excepto festivos) y su duraci\u00f3n es desde las 6 horas hasta las 15 horas.<\/div>\n<div><\/div>\n<div>El mercado corre a lo largo de una calle principal\u00a0 Calle Hnos. A. Quintero y contin\u00faa por la Calle Virgen de Loreto. Existe salida desde cualquier punto del mercado al exterior con una ubicaci\u00f3n que permite una r\u00e1pida intervenci\u00f3n de las asistencias sanitarias, bomberos y polic\u00eda en caso de requerirse su presencia.<\/div>\n<p>El mercado es visitado por unas 300 personas cada vez que se celebra y su radio de acci\u00f3n alcanza principalmente a los habitantes de Balsicas, Lo Ferro, Hortichuela, Los Mart\u00ednez del Puerto, La Torre Golf Resort, Las Terrazas de la Torre, El Valle Golf Resort, y por supuesto Rold\u00e1n.<\/p>\n<\/div><\/section><\/p><\/div><\/div><\/div><\/div><!-- close content main div --><\/div><\/div><div id='after_section_1' class='main_color av_default_container_wrap container_wrap sidebar_right'   ><div class='container' ><div class='template-page content  av-content-small alpha units'><div class='post-entry post-entry-type-page post-entry-3548'><div class='entry-content-wrapper clearfix'><\/div><\/div><\/div><!-- close content main div --><\/div><\/div><div id='av-layout-grid-1' class='av-layout-grid-container entry-content-wrapper main_color av-flex-cells av-border-top-bottom container_wrap sidebar_right'   >\n<div class=\"flex_cell no_margin av_one_third   \" style='vertical-align:middle; padding:50px; '><div class='flex_cell_inner' ><div  class=\"avia-animated-number av-force-default-color avia-color-  avia_animate_when_visible\" ><strong class=\"heading avia-animated-number-title\" ><span class=\"avia-single-number __av-single-number\" data-number=\"300\">300<\/span><span class=\"avia-no-number\"> visitas<\/span><\/strong><div class='avia-animated-number-content' ><p>M\u00e1s de 300 visitas semanales<\/p>\n<\/div><\/div>\n<\/div><\/div><div class=\"flex_cell no_margin av_one_third   \" style='vertical-align:middle; padding:50px; background-color:#fbfbfb; '><div class='flex_cell_inner' ><div  class=\"avia-animated-number av-force-default-color avia-color-  avia_animate_when_visible\" ><strong class=\"heading avia-animated-number-title\" ><span class=\"avia-single-number __av-single-number\" data-number=\"40\">40<\/span><span class=\"avia-no-number\"> puestos<\/span><\/strong><div class='avia-animated-number-content' ><p>Zapater\u00eda, textil, hogar, alimentaci\u00f3n<\/p>\n<\/div><\/div>\n<\/div><\/div><div class=\"flex_cell no_margin av_one_third   \" style='vertical-align:middle; padding:50px; background-color:#f8f8f8; '><div class='flex_cell_inner' ><div  class=\"avia-animated-number av-force-default-color avia-color-  avia_animate_when_visible\" ><strong class=\"heading avia-animated-number-title\" ><span class=\"avia-single-number __av-single-number\" data-number=\"06\">06<\/span><span class=\"avia-no-number\">,<\/span><span class=\"avia-single-number __av-single-number\" data-number=\"00\">00<\/span><span class=\"avia-no-number\"> \/ <\/span><span class=\"avia-single-number __av-single-number\" data-number=\"15\">15<\/span><span class=\"avia-no-number\">,<\/span><span class=\"avia-single-number __av-single-number\" data-number=\"00\">00<\/span><span class=\"avia-no-number\"> horas<\/span><\/strong><div class='avia-animated-number-content' ><p>Un amplio horario para tus compras<\/p>\n<\/div><\/div>\n<\/div><\/div>\n<\/div><\/p>\n","protected":false},"excerpt":{"rendered":"","protected":false},"author":1,"featured_media":0,"parent":0,"menu_order":0,"comment_status":"closed","ping_status":"closed","template":"","meta":{"_monsterinsights_skip_tracking":false,"_monsterinsights_sitenote_active":false,"_monsterinsights_sitenote_note":"","_monsterinsights_sitenote_category":0,"footnotes":""},"_links":{"self":[{"href":"http:\/\/mercadostorrepacheco.es\/index.php\/wp-json\/wp\/v2\/pages\/3548"}],"collection":[{"href":"http:\/\/mercadostorrepacheco.es\/index.php\/wp-json\/wp\/v2\/pages"}],"about":[{"href":"http:\/\/mercadostorrepacheco.es\/index.php\/wp-json\/wp\/v2\/types\/page"}],"author":[{"embeddable":true,"href":"http:\/\/mercadostorrepacheco.es\/index.php\/wp-json\/wp\/v2\/users\/1"}],"replies":[{"embeddable":true,"href":"http:\/\/mercadostorrepacheco.es\/index.php\/wp-json\/wp\/v2\/comments?post=3548"}],"version-history":[{"count":6,"href":"http:\/\/mercadostorrepacheco.es\/index.php\/wp-json\/wp\/v2\/pages\/3548\/revisions"}],"predecessor-version":[{"id":3918,"href":"http:\/\/mercadostorrepacheco.es\/index.php\/wp-json\/wp\/v2\/pages\/3548\/revisions\/3918"}],"wp:attachment":[{"href":"http:\/\/mercadostorrepacheco.es\/index.php\/wp-json\/wp\/v2\/media?parent=3548"}],"curies":[{"name":"wp","href":"https:\/\/api.w.org\/{rel}","templated":true}]}}